{"id":20958,"date":"2024-08-02T09:27:07","date_gmt":"2024-08-02T09:27:07","guid":{"rendered":"https:\/\/fitnesmarket.rs\/product\/gorilla-sports-plasticno-rusko-zvono-od-2-kg\/"},"modified":"2024-08-02T09:27:07","modified_gmt":"2024-08-02T09:27:07","slug":"gorilla-sports-plasticno-rusko-zvono-od-2-kg","status":"publish","type":"product","link":"https:\/\/fitnesmarket.rs\/hr\/product\/gorilla-sports-plasticno-rusko-zvono-od-2-kg\/","title":{"rendered":"GORILLA SPORTS Plasti\u010dno rusko zvono od 2 kg"},"content":{"rendered":"<p>Unapredite svoje treninge sa Gorilla Sports plasti\u010dnim ruskim zvonom Revolutionarni pristup funkcionalnom treningu Gorilla Sports plasti\u010dno rusko zvono (kettlebell) nudi jedinstvenu kombinaciju svestranosti i sigurnosti, \u010dine\u0107i ga savr\u0161enim alatom za sve ve\u017eba\u010de koji \u017eele da unaprede svoje treninge <\/p>","protected":false},"excerpt":{"rendered":"<p>Unapredite svoje treninge sa Gorilla Sports plasti\u010dnim ruskim zvonom Revolutionarni pristup funkcionalnom treningu Gorilla Sports plasti\u010dno rusko zvono (kettlebell) nudi jedinstvenu kombinaciju svestranosti i sigurnosti, \u010dine\u0107i ga savr\u0161enim alatom za sve ve\u017eba\u010de koji \u017eele da unaprede svoje treninge<\/p>","protected":false},"featured_media":15402,"comment_status":"open","ping_status":"closed","template":"","meta":[],"product_brand":[],"product_cat":[175],"product_tag":[],"class_list":{"0":"post-20958","1":"product","2":"type-product","3":"status-publish","4":"has-post-thumbnail","6":"product_cat-tegovi","8":"first","9":"instock","10":"shipping-taxable","11":"purchasable","12":"product-type-simple"},"_links":{"self":[{"href":"https:\/\/fitnesmarket.rs\/hr\/wp-json\/wp\/v2\/product\/20958","targetHints":{"allow":["GET"]}}],"collection":[{"href":"https:\/\/fitnesmarket.rs\/hr\/wp-json\/wp\/v2\/product"}],"about":[{"href":"https:\/\/fitnesmarket.rs\/hr\/wp-json\/wp\/v2\/types\/product"}],"replies":[{"embeddable":true,"href":"https:\/\/fitnesmarket.rs\/hr\/wp-json\/wp\/v2\/comments?post=20958"}],"wp:featuredmedia":[{"embeddable":true,"href":"https:\/\/fitnesmarket.rs\/hr\/wp-json\/wp\/v2\/media\/15402"}],"wp:attachment":[{"href":"https:\/\/fitnesmarket.rs\/hr\/wp-json\/wp\/v2\/media?parent=20958"}],"wp:term":[{"taxonomy":"product_brand","embeddable":true,"href":"https:\/\/fitnesmarket.rs\/hr\/wp-json\/wp\/v2\/product_brand?post=20958"},{"taxonomy":"product_cat","embeddable":true,"href":"https:\/\/fitnesmarket.rs\/hr\/wp-json\/wp\/v2\/product_cat?post=20958"},{"taxonomy":"product_tag","embeddable":true,"href":"https:\/\/fitnesmarket.rs\/hr\/wp-json\/wp\/v2\/product_tag?post=20958"}],"curies":[{"name":"wp","href":"https:\/\/api.w.org\/{rel}","templated":true}]}}