{"id":20964,"date":"2024-08-02T09:27:08","date_gmt":"2024-08-02T09:27:08","guid":{"rendered":"https:\/\/fitnesmarket.rs\/product\/ring-tegovi-sa-cickom-stelujuci-2x2-5kg-rx-aw3010\/"},"modified":"2024-08-02T09:27:08","modified_gmt":"2024-08-02T09:27:08","slug":"ring-tegovi-sa-cickom-stelujuci-2x2-5kg-rx-aw3010","status":"publish","type":"product","link":"https:\/\/fitnesmarket.rs\/hr\/product\/ring-tegovi-sa-cickom-stelujuci-2x2-5kg-rx-aw3010\/","title":{"rendered":"Ring Tegovi sa \u010di\u010dkom \u0161teluju\u0107i 2&#215;2.5kg RX AW3010"},"content":{"rendered":"<p>Podignite intenzitet treninga: Ring Tegovi sa \u010di\u010dkom \u0161teluju\u0107i 2&#215;2.5kg RX AW3010 Ring Tegovi sa \u010di\u010dkom \u0161teluju\u0107i 2&#215;2.5kg RX AW3010 nude savr\u0161enu kombinaciju fleksibilnosti i otpora za ve\u017eba\u010de svih nivoa. Ova inovativna oprema omogu\u0107ava vam da prilagodite te\u017einu tegova prema va\u0161im trenutnim potrebama<\/p>","protected":false},"excerpt":{"rendered":"<p>Podignite intenzitet treninga: Ring Tegovi sa \u010di\u010dkom \u0161teluju\u0107i 2&#215;2.5kg RX AW3010 Ring Tegovi sa \u010di\u010dkom \u0161teluju\u0107i 2&#215;2.5kg RX AW3010 nude savr\u0161enu kombinaciju fleksibilnosti i otpora za ve\u017eba\u010de svih nivoa. Ova inovativna oprema omogu\u0107ava vam da prilagodite te\u017einu tegova prema va\u0161im trenutnim potrebama<\/p>","protected":false},"featured_media":15402,"comment_status":"open","ping_status":"closed","template":"","meta":[],"product_brand":[],"product_cat":[175],"product_tag":[],"class_list":{"0":"post-20964","1":"product","2":"type-product","3":"status-publish","4":"has-post-thumbnail","6":"product_cat-tegovi","8":"first","9":"instock","10":"shipping-taxable","11":"purchasable","12":"product-type-simple"},"_links":{"self":[{"href":"https:\/\/fitnesmarket.rs\/hr\/wp-json\/wp\/v2\/product\/20964","targetHints":{"allow":["GET"]}}],"collection":[{"href":"https:\/\/fitnesmarket.rs\/hr\/wp-json\/wp\/v2\/product"}],"about":[{"href":"https:\/\/fitnesmarket.rs\/hr\/wp-json\/wp\/v2\/types\/product"}],"replies":[{"embeddable":true,"href":"https:\/\/fitnesmarket.rs\/hr\/wp-json\/wp\/v2\/comments?post=20964"}],"wp:featuredmedia":[{"embeddable":true,"href":"https:\/\/fitnesmarket.rs\/hr\/wp-json\/wp\/v2\/media\/15402"}],"wp:attachment":[{"href":"https:\/\/fitnesmarket.rs\/hr\/wp-json\/wp\/v2\/media?parent=20964"}],"wp:term":[{"taxonomy":"product_brand","embeddable":true,"href":"https:\/\/fitnesmarket.rs\/hr\/wp-json\/wp\/v2\/product_brand?post=20964"},{"taxonomy":"product_cat","embeddable":true,"href":"https:\/\/fitnesmarket.rs\/hr\/wp-json\/wp\/v2\/product_cat?post=20964"},{"taxonomy":"product_tag","embeddable":true,"href":"https:\/\/fitnesmarket.rs\/hr\/wp-json\/wp\/v2\/product_tag?post=20964"}],"curies":[{"name":"wp","href":"https:\/\/api.w.org\/{rel}","templated":true}]}}