{"id":20966,"date":"2024-08-02T09:27:08","date_gmt":"2024-08-02T09:27:08","guid":{"rendered":"https:\/\/fitnesmarket.rs\/product\/orion-rusko-zvono-28-kg\/"},"modified":"2024-08-02T09:27:08","modified_gmt":"2024-08-02T09:27:08","slug":"orion-rusko-zvono-28-kg","status":"publish","type":"product","link":"https:\/\/fitnesmarket.rs\/hr\/product\/orion-rusko-zvono-28-kg\/","title":{"rendered":"Orion Rusko zvono 28 kg"},"content":{"rendered":"<p>Unapredite svoje treninge sa ruskom zvonom \u2013 Tegom za ve\u017ebanje Svestrani alat za sveobuhvatni fitnes napredak Rusko zvono, poznato i kao kettlebell, predstavlja nezamenljiv alat u svetu fitnesa, omogu\u0107avaju\u0107i ve\u017eba\u010dima da izvode \u0161irok spektar ve\u017ebi koje ciljaju na snagu, izdr\u017eljivost, fleksibilnost <\/p>","protected":false},"excerpt":{"rendered":"<p>Unapredite svoje treninge sa ruskom zvonom \u2013 Tegom za ve\u017ebanje Svestrani alat za sveobuhvatni fitnes napredak Rusko zvono, poznato i kao kettlebell, predstavlja nezamenljiv alat u svetu fitnesa, omogu\u0107avaju\u0107i ve\u017eba\u010dima da izvode \u0161irok spektar ve\u017ebi koje ciljaju na snagu, izdr\u017eljivost, fleksibilnost<\/p>","protected":false},"featured_media":15402,"comment_status":"open","ping_status":"closed","template":"","meta":[],"product_brand":[],"product_cat":[175],"product_tag":[],"class_list":{"0":"post-20966","1":"product","2":"type-product","3":"status-publish","4":"has-post-thumbnail","6":"product_cat-tegovi","8":"first","9":"instock","10":"shipping-taxable","11":"purchasable","12":"product-type-simple"},"_links":{"self":[{"href":"https:\/\/fitnesmarket.rs\/hr\/wp-json\/wp\/v2\/product\/20966","targetHints":{"allow":["GET"]}}],"collection":[{"href":"https:\/\/fitnesmarket.rs\/hr\/wp-json\/wp\/v2\/product"}],"about":[{"href":"https:\/\/fitnesmarket.rs\/hr\/wp-json\/wp\/v2\/types\/product"}],"replies":[{"embeddable":true,"href":"https:\/\/fitnesmarket.rs\/hr\/wp-json\/wp\/v2\/comments?post=20966"}],"wp:featuredmedia":[{"embeddable":true,"href":"https:\/\/fitnesmarket.rs\/hr\/wp-json\/wp\/v2\/media\/15402"}],"wp:attachment":[{"href":"https:\/\/fitnesmarket.rs\/hr\/wp-json\/wp\/v2\/media?parent=20966"}],"wp:term":[{"taxonomy":"product_brand","embeddable":true,"href":"https:\/\/fitnesmarket.rs\/hr\/wp-json\/wp\/v2\/product_brand?post=20966"},{"taxonomy":"product_cat","embeddable":true,"href":"https:\/\/fitnesmarket.rs\/hr\/wp-json\/wp\/v2\/product_cat?post=20966"},{"taxonomy":"product_tag","embeddable":true,"href":"https:\/\/fitnesmarket.rs\/hr\/wp-json\/wp\/v2\/product_tag?post=20966"}],"curies":[{"name":"wp","href":"https:\/\/api.w.org\/{rel}","templated":true}]}}