{"id":20979,"date":"2024-08-02T09:27:08","date_gmt":"2024-08-02T09:27:08","guid":{"rendered":"https:\/\/fitnesmarket.rs\/product\/thera-band-goblen-trenazer-za-ruke\/"},"modified":"2024-08-02T09:27:08","modified_gmt":"2024-08-02T09:27:08","slug":"thera-band-goblen-trenazer-za-ruke","status":"publish","type":"product","link":"https:\/\/fitnesmarket.rs\/hr\/product\/thera-band-goblen-trenazer-za-ruke\/","title":{"rendered":"Thera Band Goblen trena\u017eer za ruke"},"content":{"rendered":"<p>Otkrijte prednosti Thera Band Goblen trena\u017eera za \u0161ake i ruke Inovativno re\u0161enje za ja\u010danje i pove\u0107anje pokretljivosti Thera Band Goblen trena\u017eer za \u0161ake i ruke predstavlja revolucionarno pomagalo dizajnirano da pobolj\u0161a snagu, opseg pokreta i pokretljivost \u0161ake i zgloba. Izra\u0111en od kvalitetnog late<\/p>","protected":false},"excerpt":{"rendered":"<p>Otkrijte prednosti Thera Band Goblen trena\u017eera za \u0161ake i ruke Inovativno re\u0161enje za ja\u010danje i pove\u0107anje pokretljivosti Thera Band Goblen trena\u017eer za \u0161ake i ruke predstavlja revolucionarno pomagalo dizajnirano da pobolj\u0161a snagu, opseg pokreta i pokretljivost \u0161ake i zgloba. Izra\u0111en od kvalitetnog late<\/p>","protected":false},"featured_media":15402,"comment_status":"open","ping_status":"closed","template":"","meta":[],"product_brand":[],"product_cat":[177],"product_tag":[],"class_list":{"0":"post-20979","1":"product","2":"type-product","3":"status-publish","4":"has-post-thumbnail","6":"product_cat-dodaci_za_fitnes","8":"first","9":"instock","10":"shipping-taxable","11":"purchasable","12":"product-type-simple"},"_links":{"self":[{"href":"https:\/\/fitnesmarket.rs\/hr\/wp-json\/wp\/v2\/product\/20979","targetHints":{"allow":["GET"]}}],"collection":[{"href":"https:\/\/fitnesmarket.rs\/hr\/wp-json\/wp\/v2\/product"}],"about":[{"href":"https:\/\/fitnesmarket.rs\/hr\/wp-json\/wp\/v2\/types\/product"}],"replies":[{"embeddable":true,"href":"https:\/\/fitnesmarket.rs\/hr\/wp-json\/wp\/v2\/comments?post=20979"}],"wp:featuredmedia":[{"embeddable":true,"href":"https:\/\/fitnesmarket.rs\/hr\/wp-json\/wp\/v2\/media\/15402"}],"wp:attachment":[{"href":"https:\/\/fitnesmarket.rs\/hr\/wp-json\/wp\/v2\/media?parent=20979"}],"wp:term":[{"taxonomy":"product_brand","embeddable":true,"href":"https:\/\/fitnesmarket.rs\/hr\/wp-json\/wp\/v2\/product_brand?post=20979"},{"taxonomy":"product_cat","embeddable":true,"href":"https:\/\/fitnesmarket.rs\/hr\/wp-json\/wp\/v2\/product_cat?post=20979"},{"taxonomy":"product_tag","embeddable":true,"href":"https:\/\/fitnesmarket.rs\/hr\/wp-json\/wp\/v2\/product_tag?post=20979"}],"curies":[{"name":"wp","href":"https:\/\/api.w.org\/{rel}","templated":true}]}}