{"id":20993,"date":"2024-08-02T09:27:09","date_gmt":"2024-08-02T09:27:09","guid":{"rendered":"https:\/\/fitnesmarket.rs\/product\/iron-sport-podni-markeri-oblik-sake-set-od-6-pari\/"},"modified":"2024-08-02T09:27:09","modified_gmt":"2024-08-02T09:27:09","slug":"iron-sport-podni-markeri-oblik-sake-set-od-6-pari","status":"publish","type":"product","link":"https:\/\/fitnesmarket.rs\/hr\/product\/iron-sport-podni-markeri-oblik-sake-set-od-6-pari\/","title":{"rendered":"Iron Sport Podni markeri oblik \u0161ake set od 6 pari"},"content":{"rendered":"<p>Vi\u0161enamenska alatka za trening i igru Set podnih markera u obliku \u0161ake je inovativno re\u0161enje dizajnirano da unapredi koordinaciju i usmeravanje pokreta kroz trening, zabavu i igru. Izra\u0111eni od gumiranog polimera, ovi markeri pru\u017eaju izdr\u017eljivost i sigurnost tokom upotrebe, dok njihova neklizaju\u0107a sv<\/p>","protected":false},"excerpt":{"rendered":"<p>Vi\u0161enamenska alatka za trening i igru Set podnih markera u obliku \u0161ake je inovativno re\u0161enje dizajnirano da unapredi koordinaciju i usmeravanje pokreta kroz trening, zabavu i igru. Izra\u0111eni od gumiranog polimera, ovi markeri pru\u017eaju izdr\u017eljivost i sigurnost tokom upotrebe, dok njihova neklizaju\u0107a sv<\/p>","protected":false},"featured_media":15402,"comment_status":"open","ping_status":"closed","template":"","meta":[],"product_brand":[],"product_cat":[179],"product_tag":[],"class_list":{"0":"post-20993","1":"product","2":"type-product","3":"status-publish","4":"has-post-thumbnail","6":"product_cat-ostala_oprema_za_vezbanje","8":"first","9":"instock","10":"shipping-taxable","11":"purchasable","12":"product-type-simple"},"_links":{"self":[{"href":"https:\/\/fitnesmarket.rs\/hr\/wp-json\/wp\/v2\/product\/20993","targetHints":{"allow":["GET"]}}],"collection":[{"href":"https:\/\/fitnesmarket.rs\/hr\/wp-json\/wp\/v2\/product"}],"about":[{"href":"https:\/\/fitnesmarket.rs\/hr\/wp-json\/wp\/v2\/types\/product"}],"replies":[{"embeddable":true,"href":"https:\/\/fitnesmarket.rs\/hr\/wp-json\/wp\/v2\/comments?post=20993"}],"wp:featuredmedia":[{"embeddable":true,"href":"https:\/\/fitnesmarket.rs\/hr\/wp-json\/wp\/v2\/media\/15402"}],"wp:attachment":[{"href":"https:\/\/fitnesmarket.rs\/hr\/wp-json\/wp\/v2\/media?parent=20993"}],"wp:term":[{"taxonomy":"product_brand","embeddable":true,"href":"https:\/\/fitnesmarket.rs\/hr\/wp-json\/wp\/v2\/product_brand?post=20993"},{"taxonomy":"product_cat","embeddable":true,"href":"https:\/\/fitnesmarket.rs\/hr\/wp-json\/wp\/v2\/product_cat?post=20993"},{"taxonomy":"product_tag","embeddable":true,"href":"https:\/\/fitnesmarket.rs\/hr\/wp-json\/wp\/v2\/product_tag?post=20993"}],"curies":[{"name":"wp","href":"https:\/\/api.w.org\/{rel}","templated":true}]}}