{"id":21045,"date":"2024-08-02T09:27:11","date_gmt":"2024-08-02T09:27:11","guid":{"rendered":"https:\/\/fitnesmarket.rs\/product\/orion-bucice-10-kg\/"},"modified":"2024-08-02T09:27:11","modified_gmt":"2024-08-02T09:27:11","slug":"orion-bucice-10-kg","status":"publish","type":"product","link":"https:\/\/fitnesmarket.rs\/hr\/product\/orion-bucice-10-kg\/","title":{"rendered":"Orion Bu\u010dice 10 kg"},"content":{"rendered":"<p>Unapredite svoj trening sa Orion bu\u010dicama Savr\u0161en izbor za dinami\u010dan i efikasan trening Orion bu\u010dice za treniranje predstavljaju klju\u010dni element za svakoga ko \u017eeli da unapredi svoju fizi\u010dku kondiciju, snagu i tonus mi\u0161i\u0107a. Ove bu\u010dice su dizajnirane da pru\u017ee maksimalnu udobnost i efikasnost tokom ve\u017e<\/p>","protected":false},"excerpt":{"rendered":"<p>Unapredite svoj trening sa Orion bu\u010dicama Savr\u0161en izbor za dinami\u010dan i efikasan trening Orion bu\u010dice za treniranje predstavljaju klju\u010dni element za svakoga ko \u017eeli da unapredi svoju fizi\u010dku kondiciju, snagu i tonus mi\u0161i\u0107a. Ove bu\u010dice su dizajnirane da pru\u017ee maksimalnu udobnost i efikasnost tokom ve\u017e<\/p>","protected":false},"featured_media":15402,"comment_status":"open","ping_status":"closed","template":"","meta":[],"product_brand":[],"product_cat":[175],"product_tag":[],"class_list":{"0":"post-21045","1":"product","2":"type-product","3":"status-publish","4":"has-post-thumbnail","6":"product_cat-tegovi","8":"first","9":"instock","10":"shipping-taxable","11":"purchasable","12":"product-type-simple"},"_links":{"self":[{"href":"https:\/\/fitnesmarket.rs\/hr\/wp-json\/wp\/v2\/product\/21045","targetHints":{"allow":["GET"]}}],"collection":[{"href":"https:\/\/fitnesmarket.rs\/hr\/wp-json\/wp\/v2\/product"}],"about":[{"href":"https:\/\/fitnesmarket.rs\/hr\/wp-json\/wp\/v2\/types\/product"}],"replies":[{"embeddable":true,"href":"https:\/\/fitnesmarket.rs\/hr\/wp-json\/wp\/v2\/comments?post=21045"}],"wp:featuredmedia":[{"embeddable":true,"href":"https:\/\/fitnesmarket.rs\/hr\/wp-json\/wp\/v2\/media\/15402"}],"wp:attachment":[{"href":"https:\/\/fitnesmarket.rs\/hr\/wp-json\/wp\/v2\/media?parent=21045"}],"wp:term":[{"taxonomy":"product_brand","embeddable":true,"href":"https:\/\/fitnesmarket.rs\/hr\/wp-json\/wp\/v2\/product_brand?post=21045"},{"taxonomy":"product_cat","embeddable":true,"href":"https:\/\/fitnesmarket.rs\/hr\/wp-json\/wp\/v2\/product_cat?post=21045"},{"taxonomy":"product_tag","embeddable":true,"href":"https:\/\/fitnesmarket.rs\/hr\/wp-json\/wp\/v2\/product_tag?post=21045"}],"curies":[{"name":"wp","href":"https:\/\/api.w.org\/{rel}","templated":true}]}}