{"id":21046,"date":"2024-08-02T09:27:11","date_gmt":"2024-08-02T09:27:11","guid":{"rendered":"https:\/\/fitnesmarket.rs\/product\/gorilla-sports-hex-gumirana-bucica\/"},"modified":"2024-08-02T09:27:11","modified_gmt":"2024-08-02T09:27:11","slug":"gorilla-sports-hex-gumirana-bucica","status":"publish","type":"product","link":"https:\/\/fitnesmarket.rs\/hr\/product\/gorilla-sports-hex-gumirana-bucica\/","title":{"rendered":"GORILLA SPORTS HEX gumirana bu\u010dica"},"content":{"rendered":"<p>Snaga koja inspiri\u0161e: Gorilla Sports HEX Gumirana Bu\u010dica Neprikosnovena izdr\u017eljivost za beskompromisnu sigurnost Gorilla Sports HEX Gumirana Bu\u010dica predstavlja ultimativno re\u0161enje za va\u0161e trening potrebe. Izra\u0111ena od livenog gvo\u017e\u0111a sa krajevima oblo\u017eenim gumom, ova bu\u010dica je sinonim za izdr\u017eljivost <\/p>","protected":false},"excerpt":{"rendered":"<p>Snaga koja inspiri\u0161e: Gorilla Sports HEX Gumirana Bu\u010dica Neprikosnovena izdr\u017eljivost za beskompromisnu sigurnost Gorilla Sports HEX Gumirana Bu\u010dica predstavlja ultimativno re\u0161enje za va\u0161e trening potrebe. Izra\u0111ena od livenog gvo\u017e\u0111a sa krajevima oblo\u017eenim gumom, ova bu\u010dica je sinonim za izdr\u017eljivost<\/p>","protected":false},"featured_media":15402,"comment_status":"open","ping_status":"closed","template":"","meta":[],"product_brand":[],"product_cat":[175],"product_tag":[],"class_list":{"0":"post-21046","1":"product","2":"type-product","3":"status-publish","4":"has-post-thumbnail","6":"product_cat-tegovi","8":"first","9":"instock","10":"shipping-taxable","11":"purchasable","12":"product-type-simple"},"_links":{"self":[{"href":"https:\/\/fitnesmarket.rs\/hr\/wp-json\/wp\/v2\/product\/21046","targetHints":{"allow":["GET"]}}],"collection":[{"href":"https:\/\/fitnesmarket.rs\/hr\/wp-json\/wp\/v2\/product"}],"about":[{"href":"https:\/\/fitnesmarket.rs\/hr\/wp-json\/wp\/v2\/types\/product"}],"replies":[{"embeddable":true,"href":"https:\/\/fitnesmarket.rs\/hr\/wp-json\/wp\/v2\/comments?post=21046"}],"wp:featuredmedia":[{"embeddable":true,"href":"https:\/\/fitnesmarket.rs\/hr\/wp-json\/wp\/v2\/media\/15402"}],"wp:attachment":[{"href":"https:\/\/fitnesmarket.rs\/hr\/wp-json\/wp\/v2\/media?parent=21046"}],"wp:term":[{"taxonomy":"product_brand","embeddable":true,"href":"https:\/\/fitnesmarket.rs\/hr\/wp-json\/wp\/v2\/product_brand?post=21046"},{"taxonomy":"product_cat","embeddable":true,"href":"https:\/\/fitnesmarket.rs\/hr\/wp-json\/wp\/v2\/product_cat?post=21046"},{"taxonomy":"product_tag","embeddable":true,"href":"https:\/\/fitnesmarket.rs\/hr\/wp-json\/wp\/v2\/product_tag?post=21046"}],"curies":[{"name":"wp","href":"https:\/\/api.w.org\/{rel}","templated":true}]}}