{"id":21062,"date":"2024-08-02T09:27:11","date_gmt":"2024-08-02T09:27:11","guid":{"rendered":"https:\/\/fitnesmarket.rs\/product\/gorilla-sports-fiksni-dvorucni-teg-10-kg\/"},"modified":"2024-08-02T09:27:11","modified_gmt":"2024-08-02T09:27:11","slug":"gorilla-sports-fiksni-dvorucni-teg-10-kg","status":"publish","type":"product","link":"https:\/\/fitnesmarket.rs\/hr\/product\/gorilla-sports-fiksni-dvorucni-teg-10-kg\/","title":{"rendered":"GORILLA SPORTS Fiksni dvoru\u010dni teg (10 kg)"},"content":{"rendered":"<p>\u0160ipka idealna za trening kod ku\u0107e ili na otvorenom Ova Barbell \u0161ipka sa fiksiranim tegom brenda Gorilla Sports pogodna je za po\u010detnike, ali i za profesionalce. Omoguc\u00b4ava vam \u0161irok spektar ve\u017ebi za snagu i funkcionalne ve\u017ebe pomoc\u00b4u kojih gradite mi\u0161ic\u00b4e i formirate telo. Izra\u0111ena je od livenog gvo\u017e<\/p>","protected":false},"excerpt":{"rendered":"<p>\u0160ipka idealna za trening kod ku\u0107e ili na otvorenom Ova Barbell \u0161ipka sa fiksiranim tegom brenda Gorilla Sports pogodna je za po\u010detnike, ali i za profesionalce. Omoguc\u00b4ava vam \u0161irok spektar ve\u017ebi za snagu i funkcionalne ve\u017ebe pomoc\u00b4u kojih gradite mi\u0161ic\u00b4e i formirate telo. Izra\u0111ena je od livenog gvo\u017e<\/p>","protected":false},"featured_media":15402,"comment_status":"open","ping_status":"closed","template":"","meta":[],"product_brand":[],"product_cat":[175],"product_tag":[],"class_list":{"0":"post-21062","1":"product","2":"type-product","3":"status-publish","4":"has-post-thumbnail","6":"product_cat-tegovi","8":"first","9":"instock","10":"shipping-taxable","11":"purchasable","12":"product-type-simple"},"_links":{"self":[{"href":"https:\/\/fitnesmarket.rs\/hr\/wp-json\/wp\/v2\/product\/21062","targetHints":{"allow":["GET"]}}],"collection":[{"href":"https:\/\/fitnesmarket.rs\/hr\/wp-json\/wp\/v2\/product"}],"about":[{"href":"https:\/\/fitnesmarket.rs\/hr\/wp-json\/wp\/v2\/types\/product"}],"replies":[{"embeddable":true,"href":"https:\/\/fitnesmarket.rs\/hr\/wp-json\/wp\/v2\/comments?post=21062"}],"wp:featuredmedia":[{"embeddable":true,"href":"https:\/\/fitnesmarket.rs\/hr\/wp-json\/wp\/v2\/media\/15402"}],"wp:attachment":[{"href":"https:\/\/fitnesmarket.rs\/hr\/wp-json\/wp\/v2\/media?parent=21062"}],"wp:term":[{"taxonomy":"product_brand","embeddable":true,"href":"https:\/\/fitnesmarket.rs\/hr\/wp-json\/wp\/v2\/product_brand?post=21062"},{"taxonomy":"product_cat","embeddable":true,"href":"https:\/\/fitnesmarket.rs\/hr\/wp-json\/wp\/v2\/product_cat?post=21062"},{"taxonomy":"product_tag","embeddable":true,"href":"https:\/\/fitnesmarket.rs\/hr\/wp-json\/wp\/v2\/product_tag?post=21062"}],"curies":[{"name":"wp","href":"https:\/\/api.w.org\/{rel}","templated":true}]}}