{"id":21075,"date":"2024-08-02T09:27:12","date_gmt":"2024-08-02T09:27:12","guid":{"rendered":"https:\/\/fitnesmarket.rs\/product\/gyronetics-multifunkcionalna-benc-klupa-sa-dodacima-za-vezbanje\/"},"modified":"2024-08-02T09:27:12","modified_gmt":"2024-08-02T09:27:12","slug":"gyronetics-multifunkcionalna-benc-klupa-sa-dodacima-za-vezbanje","status":"publish","type":"product","link":"https:\/\/fitnesmarket.rs\/hr\/product\/gyronetics-multifunkcionalna-benc-klupa-sa-dodacima-za-vezbanje\/","title":{"rendered":"GYRONETICS Multifunkcionalna ben\u010d klupa sa dodacima za ve\u017ebanje"},"content":{"rendered":"<p>Osvajanje fitnes ciljeva sa GYRONETICS Multifunkcionalnom ben\u010d klupom Sveobuhvatan trening sa jednim komadom opreme GYRONETICS Multifunkcionalna ben\u010d klupa sa dodacima za ve\u017ebanje je dizajnirana da pru\u017ei korisnicima \u0161irok spektar opcija za trening, \u010dine\u0107i je savr\u0161enim izborom za doma\u0107u teretanu. Sa <\/p>","protected":false},"excerpt":{"rendered":"<p>Osvajanje fitnes ciljeva sa GYRONETICS Multifunkcionalnom ben\u010d klupom Sveobuhvatan trening sa jednim komadom opreme GYRONETICS Multifunkcionalna ben\u010d klupa sa dodacima za ve\u017ebanje je dizajnirana da pru\u017ei korisnicima \u0161irok spektar opcija za trening, \u010dine\u0107i je savr\u0161enim izborom za doma\u0107u teretanu. Sa<\/p>","protected":false},"featured_media":15402,"comment_status":"open","ping_status":"closed","template":"","meta":[],"product_brand":[],"product_cat":[176],"product_tag":[],"class_list":{"0":"post-21075","1":"product","2":"type-product","3":"status-publish","4":"has-post-thumbnail","6":"product_cat-klupe_i_masinske_sprave","8":"first","9":"instock","10":"shipping-taxable","11":"purchasable","12":"product-type-simple"},"_links":{"self":[{"href":"https:\/\/fitnesmarket.rs\/hr\/wp-json\/wp\/v2\/product\/21075","targetHints":{"allow":["GET"]}}],"collection":[{"href":"https:\/\/fitnesmarket.rs\/hr\/wp-json\/wp\/v2\/product"}],"about":[{"href":"https:\/\/fitnesmarket.rs\/hr\/wp-json\/wp\/v2\/types\/product"}],"replies":[{"embeddable":true,"href":"https:\/\/fitnesmarket.rs\/hr\/wp-json\/wp\/v2\/comments?post=21075"}],"wp:featuredmedia":[{"embeddable":true,"href":"https:\/\/fitnesmarket.rs\/hr\/wp-json\/wp\/v2\/media\/15402"}],"wp:attachment":[{"href":"https:\/\/fitnesmarket.rs\/hr\/wp-json\/wp\/v2\/media?parent=21075"}],"wp:term":[{"taxonomy":"product_brand","embeddable":true,"href":"https:\/\/fitnesmarket.rs\/hr\/wp-json\/wp\/v2\/product_brand?post=21075"},{"taxonomy":"product_cat","embeddable":true,"href":"https:\/\/fitnesmarket.rs\/hr\/wp-json\/wp\/v2\/product_cat?post=21075"},{"taxonomy":"product_tag","embeddable":true,"href":"https:\/\/fitnesmarket.rs\/hr\/wp-json\/wp\/v2\/product_tag?post=21075"}],"curies":[{"name":"wp","href":"https:\/\/api.w.org\/{rel}","templated":true}]}}