{"id":21076,"date":"2024-08-02T09:27:12","date_gmt":"2024-08-02T09:27:12","guid":{"rendered":"https:\/\/fitnesmarket.rs\/product\/iron-set-tegova-7-u-1-mala-kucna-teretana-mt-3\/"},"modified":"2024-08-02T09:27:12","modified_gmt":"2024-08-02T09:27:12","slug":"iron-set-tegova-7-u-1-mala-kucna-teretana-mt-3","status":"publish","type":"product","link":"https:\/\/fitnesmarket.rs\/hr\/product\/iron-set-tegova-7-u-1-mala-kucna-teretana-mt-3\/","title":{"rendered":"Iron Set tegova 7 u 1 Mala ku\u0107na teretana MT-3"},"content":{"rendered":"<p>Osvajanje vrhunskih rezultata sa Iron Set tegovima Unapredite svoju snagu i definiciju Iron Set tegovi predstavljaju revolucionarno re\u0161enje za sve ve\u017eba\u010de koji te\u017ee ka izgradnji mi\u0161i\u0107ne mase, pobolj\u0161anju snage i definicije. Ovaj kompletan set nudi neuporedivu fleksibilnost i prilagodljivost, omogu\u0107a<\/p>","protected":false},"excerpt":{"rendered":"<p>Osvajanje vrhunskih rezultata sa Iron Set tegovima Unapredite svoju snagu i definiciju Iron Set tegovi predstavljaju revolucionarno re\u0161enje za sve ve\u017eba\u010de koji te\u017ee ka izgradnji mi\u0161i\u0107ne mase, pobolj\u0161anju snage i definicije. Ovaj kompletan set nudi neuporedivu fleksibilnost i prilagodljivost, omogu\u0107a<\/p>","protected":false},"featured_media":15402,"comment_status":"open","ping_status":"closed","template":"","meta":[],"product_brand":[],"product_cat":[175],"product_tag":[],"class_list":{"0":"post-21076","1":"product","2":"type-product","3":"status-publish","4":"has-post-thumbnail","6":"product_cat-tegovi","8":"first","9":"instock","10":"shipping-taxable","11":"purchasable","12":"product-type-simple"},"_links":{"self":[{"href":"https:\/\/fitnesmarket.rs\/hr\/wp-json\/wp\/v2\/product\/21076","targetHints":{"allow":["GET"]}}],"collection":[{"href":"https:\/\/fitnesmarket.rs\/hr\/wp-json\/wp\/v2\/product"}],"about":[{"href":"https:\/\/fitnesmarket.rs\/hr\/wp-json\/wp\/v2\/types\/product"}],"replies":[{"embeddable":true,"href":"https:\/\/fitnesmarket.rs\/hr\/wp-json\/wp\/v2\/comments?post=21076"}],"wp:featuredmedia":[{"embeddable":true,"href":"https:\/\/fitnesmarket.rs\/hr\/wp-json\/wp\/v2\/media\/15402"}],"wp:attachment":[{"href":"https:\/\/fitnesmarket.rs\/hr\/wp-json\/wp\/v2\/media?parent=21076"}],"wp:term":[{"taxonomy":"product_brand","embeddable":true,"href":"https:\/\/fitnesmarket.rs\/hr\/wp-json\/wp\/v2\/product_brand?post=21076"},{"taxonomy":"product_cat","embeddable":true,"href":"https:\/\/fitnesmarket.rs\/hr\/wp-json\/wp\/v2\/product_cat?post=21076"},{"taxonomy":"product_tag","embeddable":true,"href":"https:\/\/fitnesmarket.rs\/hr\/wp-json\/wp\/v2\/product_tag?post=21076"}],"curies":[{"name":"wp","href":"https:\/\/api.w.org\/{rel}","templated":true}]}}