{"id":21080,"date":"2024-08-02T09:27:12","date_gmt":"2024-08-02T09:27:12","guid":{"rendered":"https:\/\/fitnesmarket.rs\/product\/gorilla-sports-olimpijski-bumper-teg-20-kg\/"},"modified":"2024-08-02T09:27:12","modified_gmt":"2024-08-02T09:27:12","slug":"gorilla-sports-olimpijski-bumper-teg-20-kg","status":"publish","type":"product","link":"https:\/\/fitnesmarket.rs\/hr\/product\/gorilla-sports-olimpijski-bumper-teg-20-kg\/","title":{"rendered":"GORILLA SPORTS Olimpijski bumper teg (20 kg)"},"content":{"rendered":"<p>Teg idealan za trening sa bu\u010dicama i \u0161ipkama po va\u0161em izboru Ovaj disk (bumper plo\u010da) vam omogu\u0107ava \u0161irok spektar ve\u017ebi: mo\u017eete ih montirati na olimpijsku \u0161ipku, kombinovati sa drugim tegovima iz Gorilla Sports kolekcije ili ih jednostavno koristiti pojedina\u010dno zahvaljuju\u0107i gumenoj oblozi koja spre\u010d<\/p>","protected":false},"excerpt":{"rendered":"<p>Teg idealan za trening sa bu\u010dicama i \u0161ipkama po va\u0161em izboru Ovaj disk (bumper plo\u010da) vam omogu\u0107ava \u0161irok spektar ve\u017ebi: mo\u017eete ih montirati na olimpijsku \u0161ipku, kombinovati sa drugim tegovima iz Gorilla Sports kolekcije ili ih jednostavno koristiti pojedina\u010dno zahvaljuju\u0107i gumenoj oblozi koja spre\u010d<\/p>","protected":false},"featured_media":15402,"comment_status":"open","ping_status":"closed","template":"","meta":[],"product_brand":[],"product_cat":[175],"product_tag":[],"class_list":{"0":"post-21080","1":"product","2":"type-product","3":"status-publish","4":"has-post-thumbnail","6":"product_cat-tegovi","8":"first","9":"instock","10":"shipping-taxable","11":"purchasable","12":"product-type-simple"},"_links":{"self":[{"href":"https:\/\/fitnesmarket.rs\/hr\/wp-json\/wp\/v2\/product\/21080","targetHints":{"allow":["GET"]}}],"collection":[{"href":"https:\/\/fitnesmarket.rs\/hr\/wp-json\/wp\/v2\/product"}],"about":[{"href":"https:\/\/fitnesmarket.rs\/hr\/wp-json\/wp\/v2\/types\/product"}],"replies":[{"embeddable":true,"href":"https:\/\/fitnesmarket.rs\/hr\/wp-json\/wp\/v2\/comments?post=21080"}],"wp:featuredmedia":[{"embeddable":true,"href":"https:\/\/fitnesmarket.rs\/hr\/wp-json\/wp\/v2\/media\/15402"}],"wp:attachment":[{"href":"https:\/\/fitnesmarket.rs\/hr\/wp-json\/wp\/v2\/media?parent=21080"}],"wp:term":[{"taxonomy":"product_brand","embeddable":true,"href":"https:\/\/fitnesmarket.rs\/hr\/wp-json\/wp\/v2\/product_brand?post=21080"},{"taxonomy":"product_cat","embeddable":true,"href":"https:\/\/fitnesmarket.rs\/hr\/wp-json\/wp\/v2\/product_cat?post=21080"},{"taxonomy":"product_tag","embeddable":true,"href":"https:\/\/fitnesmarket.rs\/hr\/wp-json\/wp\/v2\/product_tag?post=21080"}],"curies":[{"name":"wp","href":"https:\/\/api.w.org\/{rel}","templated":true}]}}