{"id":21096,"date":"2024-08-02T09:27:13","date_gmt":"2024-08-02T09:27:13","guid":{"rendered":"https:\/\/fitnesmarket.rs\/product\/gorilla-sports-kosa-klupa-za-trbusnjake-podesiva\/"},"modified":"2024-08-02T09:27:13","modified_gmt":"2024-08-02T09:27:13","slug":"gorilla-sports-kosa-klupa-za-trbusnjake-podesiva","status":"publish","type":"product","link":"https:\/\/fitnesmarket.rs\/hr\/product\/gorilla-sports-kosa-klupa-za-trbusnjake-podesiva\/","title":{"rendered":"GORILLA SPORTS Kosa klupa za trbu\u0161njake podesiva"},"content":{"rendered":"<p>Maksimizujte efikasnost va\u0161eg treninga trbu\u0161njaka sa GORILLA SPORTS Kosom klupom podesivom GORILLA SPORTS Kosa klupa za trbu\u0161njake podesiva predstavlja savr\u0161en alat za one koji \u017eele da unaprede svoj trening core mi\u0161i\u0107a, pru\u017eaju\u0107i izuzetnu podr\u0161ku i efikasnost u ja\u010danju trbu\u0161njaka, donjeg dela le\u0111a i<\/p>","protected":false},"excerpt":{"rendered":"<p>Maksimizujte efikasnost va\u0161eg treninga trbu\u0161njaka sa GORILLA SPORTS Kosom klupom podesivom GORILLA SPORTS Kosa klupa za trbu\u0161njake podesiva predstavlja savr\u0161en alat za one koji \u017eele da unaprede svoj trening core mi\u0161i\u0107a, pru\u017eaju\u0107i izuzetnu podr\u0161ku i efikasnost u ja\u010danju trbu\u0161njaka, donjeg dela le\u0111a i<\/p>","protected":false},"featured_media":15402,"comment_status":"open","ping_status":"closed","template":"","meta":[],"product_brand":[],"product_cat":[176],"product_tag":[],"class_list":{"0":"post-21096","1":"product","2":"type-product","3":"status-publish","4":"has-post-thumbnail","6":"product_cat-klupe_i_masinske_sprave","8":"first","9":"instock","10":"shipping-taxable","11":"purchasable","12":"product-type-simple"},"_links":{"self":[{"href":"https:\/\/fitnesmarket.rs\/hr\/wp-json\/wp\/v2\/product\/21096","targetHints":{"allow":["GET"]}}],"collection":[{"href":"https:\/\/fitnesmarket.rs\/hr\/wp-json\/wp\/v2\/product"}],"about":[{"href":"https:\/\/fitnesmarket.rs\/hr\/wp-json\/wp\/v2\/types\/product"}],"replies":[{"embeddable":true,"href":"https:\/\/fitnesmarket.rs\/hr\/wp-json\/wp\/v2\/comments?post=21096"}],"wp:featuredmedia":[{"embeddable":true,"href":"https:\/\/fitnesmarket.rs\/hr\/wp-json\/wp\/v2\/media\/15402"}],"wp:attachment":[{"href":"https:\/\/fitnesmarket.rs\/hr\/wp-json\/wp\/v2\/media?parent=21096"}],"wp:term":[{"taxonomy":"product_brand","embeddable":true,"href":"https:\/\/fitnesmarket.rs\/hr\/wp-json\/wp\/v2\/product_brand?post=21096"},{"taxonomy":"product_cat","embeddable":true,"href":"https:\/\/fitnesmarket.rs\/hr\/wp-json\/wp\/v2\/product_cat?post=21096"},{"taxonomy":"product_tag","embeddable":true,"href":"https:\/\/fitnesmarket.rs\/hr\/wp-json\/wp\/v2\/product_tag?post=21096"}],"curies":[{"name":"wp","href":"https:\/\/api.w.org\/{rel}","templated":true}]}}