{"id":21129,"date":"2024-08-02T09:27:14","date_gmt":"2024-08-02T09:27:14","guid":{"rendered":"https:\/\/fitnesmarket.rs\/product\/gorilla-sports-medicinska-lopta-8-kg\/"},"modified":"2024-08-02T09:27:14","modified_gmt":"2024-08-02T09:27:14","slug":"gorilla-sports-medicinska-lopta-8-kg","status":"publish","type":"product","link":"https:\/\/fitnesmarket.rs\/hr\/product\/gorilla-sports-medicinska-lopta-8-kg\/","title":{"rendered":"GORILLA SPORTS Medicinska lopta (8 kg)"},"content":{"rendered":"<p>Dinami\u010dan trening sa Wall Ball loptom od 8 kg Wall Ball lopte iz kolekcije Gorilla Sports su dizajnirane da unaprede va\u0161 trening snage, nude\u0107i dinami\u010dan i eksplozivan pristup ve\u017ebanju. Sa te\u017einom od 8 kg i pre\u010dnikom od 29 cm, ova crna lopta je idealna za ve\u017ebe koje zahtevaju koordinaciju, ravnote\u017eu <\/p>","protected":false},"excerpt":{"rendered":"<p>Dinami\u010dan trening sa Wall Ball loptom od 8 kg Wall Ball lopte iz kolekcije Gorilla Sports su dizajnirane da unaprede va\u0161 trening snage, nude\u0107i dinami\u010dan i eksplozivan pristup ve\u017ebanju. Sa te\u017einom od 8 kg i pre\u010dnikom od 29 cm, ova crna lopta je idealna za ve\u017ebe koje zahtevaju koordinaciju, ravnote\u017eu<\/p>","protected":false},"featured_media":15402,"comment_status":"open","ping_status":"closed","template":"","meta":[],"product_brand":[],"product_cat":[182],"product_tag":[],"class_list":{"0":"post-21129","1":"product","2":"type-product","3":"status-publish","4":"has-post-thumbnail","6":"product_cat-lopte_za_treniranje","8":"first","9":"instock","10":"shipping-taxable","11":"purchasable","12":"product-type-simple"},"_links":{"self":[{"href":"https:\/\/fitnesmarket.rs\/hr\/wp-json\/wp\/v2\/product\/21129","targetHints":{"allow":["GET"]}}],"collection":[{"href":"https:\/\/fitnesmarket.rs\/hr\/wp-json\/wp\/v2\/product"}],"about":[{"href":"https:\/\/fitnesmarket.rs\/hr\/wp-json\/wp\/v2\/types\/product"}],"replies":[{"embeddable":true,"href":"https:\/\/fitnesmarket.rs\/hr\/wp-json\/wp\/v2\/comments?post=21129"}],"wp:featuredmedia":[{"embeddable":true,"href":"https:\/\/fitnesmarket.rs\/hr\/wp-json\/wp\/v2\/media\/15402"}],"wp:attachment":[{"href":"https:\/\/fitnesmarket.rs\/hr\/wp-json\/wp\/v2\/media?parent=21129"}],"wp:term":[{"taxonomy":"product_brand","embeddable":true,"href":"https:\/\/fitnesmarket.rs\/hr\/wp-json\/wp\/v2\/product_brand?post=21129"},{"taxonomy":"product_cat","embeddable":true,"href":"https:\/\/fitnesmarket.rs\/hr\/wp-json\/wp\/v2\/product_cat?post=21129"},{"taxonomy":"product_tag","embeddable":true,"href":"https:\/\/fitnesmarket.rs\/hr\/wp-json\/wp\/v2\/product_tag?post=21129"}],"curies":[{"name":"wp","href":"https:\/\/api.w.org\/{rel}","templated":true}]}}