{"id":21142,"date":"2024-08-02T09:27:14","date_gmt":"2024-08-02T09:27:14","guid":{"rendered":"https:\/\/fitnesmarket.rs\/product\/gorilla-sports-ravna-benc-klupa-sa-sirokim-stalkom-za-sipku-crna\/"},"modified":"2024-08-02T09:27:14","modified_gmt":"2024-08-02T09:27:14","slug":"gorilla-sports-ravna-benc-klupa-sa-sirokim-stalkom-za-sipku-crna","status":"publish","type":"product","link":"https:\/\/fitnesmarket.rs\/hr\/product\/gorilla-sports-ravna-benc-klupa-sa-sirokim-stalkom-za-sipku-crna\/","title":{"rendered":"GORILLA SPORTS Ravna ben\u010d klupa sa \u0161irokim stalkom za \u0161ipku (Crna)"},"content":{"rendered":"<p>Ve\u017ebajte jo\u0161 bolje i kvalitetnije uz ovu klupu sa \u0161irokim stalkom za \u0161ipku Ben\u010d klupa brenda Gorilla Sports je idealna za izvo\u0111enje velikog broja ve\u017ebi, kao \u0161to su ve\u017ebe sa bu\u010dicama, sa dugim \u0161ipkama, za redovne i donje trbu\u0161njake. Idealna je za teretanu ili za trening u ku\u0107i, posebno zato \u0161to pru\u017ea<\/p>","protected":false},"excerpt":{"rendered":"<p>Ve\u017ebajte jo\u0161 bolje i kvalitetnije uz ovu klupu sa \u0161irokim stalkom za \u0161ipku Ben\u010d klupa brenda Gorilla Sports je idealna za izvo\u0111enje velikog broja ve\u017ebi, kao \u0161to su ve\u017ebe sa bu\u010dicama, sa dugim \u0161ipkama, za redovne i donje trbu\u0161njake. Idealna je za teretanu ili za trening u ku\u0107i, posebno zato \u0161to pru\u017ea<\/p>","protected":false},"featured_media":15402,"comment_status":"open","ping_status":"closed","template":"","meta":[],"product_brand":[],"product_cat":[176],"product_tag":[],"class_list":{"0":"post-21142","1":"product","2":"type-product","3":"status-publish","4":"has-post-thumbnail","6":"product_cat-klupe_i_masinske_sprave","8":"first","9":"instock","10":"shipping-taxable","11":"purchasable","12":"product-type-simple"},"_links":{"self":[{"href":"https:\/\/fitnesmarket.rs\/hr\/wp-json\/wp\/v2\/product\/21142","targetHints":{"allow":["GET"]}}],"collection":[{"href":"https:\/\/fitnesmarket.rs\/hr\/wp-json\/wp\/v2\/product"}],"about":[{"href":"https:\/\/fitnesmarket.rs\/hr\/wp-json\/wp\/v2\/types\/product"}],"replies":[{"embeddable":true,"href":"https:\/\/fitnesmarket.rs\/hr\/wp-json\/wp\/v2\/comments?post=21142"}],"wp:featuredmedia":[{"embeddable":true,"href":"https:\/\/fitnesmarket.rs\/hr\/wp-json\/wp\/v2\/media\/15402"}],"wp:attachment":[{"href":"https:\/\/fitnesmarket.rs\/hr\/wp-json\/wp\/v2\/media?parent=21142"}],"wp:term":[{"taxonomy":"product_brand","embeddable":true,"href":"https:\/\/fitnesmarket.rs\/hr\/wp-json\/wp\/v2\/product_brand?post=21142"},{"taxonomy":"product_cat","embeddable":true,"href":"https:\/\/fitnesmarket.rs\/hr\/wp-json\/wp\/v2\/product_cat?post=21142"},{"taxonomy":"product_tag","embeddable":true,"href":"https:\/\/fitnesmarket.rs\/hr\/wp-json\/wp\/v2\/product_tag?post=21142"}],"curies":[{"name":"wp","href":"https:\/\/api.w.org\/{rel}","templated":true}]}}