{"id":21148,"date":"2024-08-02T09:27:15","date_gmt":"2024-08-02T09:27:15","guid":{"rendered":"https:\/\/fitnesmarket.rs\/product\/gorilla-sports-elasticna-traka-za-vezbanje\/"},"modified":"2024-08-02T09:27:15","modified_gmt":"2024-08-02T09:27:15","slug":"gorilla-sports-elasticna-traka-za-vezbanje","status":"publish","type":"product","link":"https:\/\/fitnesmarket.rs\/hr\/product\/gorilla-sports-elasticna-traka-za-vezbanje\/","title":{"rendered":"GORILLA SPORTS Elasti\u010dna traka za ve\u017ebanje"},"content":{"rendered":"<p>Ko ka\u017ee da je trening bez tegova nemogu\u0107 i dosadan? Na\u0161e fitnes trake dokazuju suprotno Elasti\u010dne latex trake su nezaobilazan rekvizit za bilo koju vrstu treninga. Koriste se kako za ku\u0107no vezbanje tako i u grupnim i personalnim treninzima, u teretani, pilates, aerobik i joga klubovima ali i tokom r<\/p>","protected":false},"excerpt":{"rendered":"<p>Ko ka\u017ee da je trening bez tegova nemogu\u0107 i dosadan? Na\u0161e fitnes trake dokazuju suprotno Elasti\u010dne latex trake su nezaobilazan rekvizit za bilo koju vrstu treninga. Koriste se kako za ku\u0107no vezbanje tako i u grupnim i personalnim treninzima, u teretani, pilates, aerobik i joga klubovima ali i tokom r<\/p>","protected":false},"featured_media":15402,"comment_status":"open","ping_status":"closed","template":"","meta":[],"product_brand":[],"product_cat":[180],"product_tag":[],"class_list":{"0":"post-21148","1":"product","2":"type-product","3":"status-publish","4":"has-post-thumbnail","6":"product_cat-gume_i_trake_za_vezbanje","8":"first","9":"instock","10":"shipping-taxable","11":"purchasable","12":"product-type-simple"},"_links":{"self":[{"href":"https:\/\/fitnesmarket.rs\/hr\/wp-json\/wp\/v2\/product\/21148","targetHints":{"allow":["GET"]}}],"collection":[{"href":"https:\/\/fitnesmarket.rs\/hr\/wp-json\/wp\/v2\/product"}],"about":[{"href":"https:\/\/fitnesmarket.rs\/hr\/wp-json\/wp\/v2\/types\/product"}],"replies":[{"embeddable":true,"href":"https:\/\/fitnesmarket.rs\/hr\/wp-json\/wp\/v2\/comments?post=21148"}],"wp:featuredmedia":[{"embeddable":true,"href":"https:\/\/fitnesmarket.rs\/hr\/wp-json\/wp\/v2\/media\/15402"}],"wp:attachment":[{"href":"https:\/\/fitnesmarket.rs\/hr\/wp-json\/wp\/v2\/media?parent=21148"}],"wp:term":[{"taxonomy":"product_brand","embeddable":true,"href":"https:\/\/fitnesmarket.rs\/hr\/wp-json\/wp\/v2\/product_brand?post=21148"},{"taxonomy":"product_cat","embeddable":true,"href":"https:\/\/fitnesmarket.rs\/hr\/wp-json\/wp\/v2\/product_cat?post=21148"},{"taxonomy":"product_tag","embeddable":true,"href":"https:\/\/fitnesmarket.rs\/hr\/wp-json\/wp\/v2\/product_tag?post=21148"}],"curies":[{"name":"wp","href":"https:\/\/api.w.org\/{rel}","templated":true}]}}