{"id":21179,"date":"2024-08-02T09:27:16","date_gmt":"2024-08-02T09:27:16","guid":{"rendered":"https:\/\/fitnesmarket.rs\/product\/gorilla-sports-kanap-za-trening-battle-rope-sa-zidnim-nosacem-1500-cm-x-5-cm\/"},"modified":"2024-08-02T09:27:16","modified_gmt":"2024-08-02T09:27:16","slug":"gorilla-sports-kanap-za-trening-battle-rope-sa-zidnim-nosacem-1500-cm-x-5-cm","status":"publish","type":"product","link":"https:\/\/fitnesmarket.rs\/hr\/product\/gorilla-sports-kanap-za-trening-battle-rope-sa-zidnim-nosacem-1500-cm-x-5-cm\/","title":{"rendered":"GORILLA SPORTS Kanap za trening Battle Rope sa zidnim nosa\u010dem (1500 cm x 5 cm)"},"content":{"rendered":"<p>Inovacija u svetu treninga sa GORILLA SPORTS kanapom GORILLA SPORTS kanap predstavlja savr\u0161eno osve\u017eenje za sve ljubitelje fitnesa i crossfit treninga. Njegova sve ve\u0107a popularnost le\u017ei u sposobnosti da pru\u017ei nov i efikasan na\u010din za aktivaciju celokupnog mi\u0161i\u0107nog sistema. Ovaj te\u0161ki konop omogu\u0107ava <\/p>","protected":false},"excerpt":{"rendered":"<p>Inovacija u svetu treninga sa GORILLA SPORTS kanapom GORILLA SPORTS kanap predstavlja savr\u0161eno osve\u017eenje za sve ljubitelje fitnesa i crossfit treninga. Njegova sve ve\u0107a popularnost le\u017ei u sposobnosti da pru\u017ei nov i efikasan na\u010din za aktivaciju celokupnog mi\u0161i\u0107nog sistema. Ovaj te\u0161ki konop omogu\u0107ava<\/p>","protected":false},"featured_media":15402,"comment_status":"open","ping_status":"closed","template":"","meta":[],"product_brand":[],"product_cat":[179],"product_tag":[],"class_list":{"0":"post-21179","1":"product","2":"type-product","3":"status-publish","4":"has-post-thumbnail","6":"product_cat-ostala_oprema_za_vezbanje","8":"first","9":"instock","10":"shipping-taxable","11":"purchasable","12":"product-type-simple"},"_links":{"self":[{"href":"https:\/\/fitnesmarket.rs\/hr\/wp-json\/wp\/v2\/product\/21179","targetHints":{"allow":["GET"]}}],"collection":[{"href":"https:\/\/fitnesmarket.rs\/hr\/wp-json\/wp\/v2\/product"}],"about":[{"href":"https:\/\/fitnesmarket.rs\/hr\/wp-json\/wp\/v2\/types\/product"}],"replies":[{"embeddable":true,"href":"https:\/\/fitnesmarket.rs\/hr\/wp-json\/wp\/v2\/comments?post=21179"}],"wp:featuredmedia":[{"embeddable":true,"href":"https:\/\/fitnesmarket.rs\/hr\/wp-json\/wp\/v2\/media\/15402"}],"wp:attachment":[{"href":"https:\/\/fitnesmarket.rs\/hr\/wp-json\/wp\/v2\/media?parent=21179"}],"wp:term":[{"taxonomy":"product_brand","embeddable":true,"href":"https:\/\/fitnesmarket.rs\/hr\/wp-json\/wp\/v2\/product_brand?post=21179"},{"taxonomy":"product_cat","embeddable":true,"href":"https:\/\/fitnesmarket.rs\/hr\/wp-json\/wp\/v2\/product_cat?post=21179"},{"taxonomy":"product_tag","embeddable":true,"href":"https:\/\/fitnesmarket.rs\/hr\/wp-json\/wp\/v2\/product_tag?post=21179"}],"curies":[{"name":"wp","href":"https:\/\/api.w.org\/{rel}","templated":true}]}}