{"id":21187,"date":"2024-08-02T09:27:16","date_gmt":"2024-08-02T09:27:16","guid":{"rendered":"https:\/\/fitnesmarket.rs\/product\/livepro-osiguraci-za-olimpijsku-sipku-f50-2-kom-lp8062\/"},"modified":"2024-08-02T09:27:16","modified_gmt":"2024-08-02T09:27:16","slug":"livepro-osiguraci-za-olimpijsku-sipku-f50-2-kom-lp8062","status":"publish","type":"product","link":"https:\/\/fitnesmarket.rs\/hr\/product\/livepro-osiguraci-za-olimpijsku-sipku-f50-2-kom-lp8062\/","title":{"rendered":"LivePro Osigura\u010di za olimpijsku \u0161ipku f50 (2 kom.) &#8211; LP8062"},"content":{"rendered":"<p>Sigurnost i \u010dvrsto\u0107a na prvom mestu LivePro osigura\u010di za olimpijsku \u0161ipku LP8062 predstavljaju vrhunac inovacija u svetu fitnes opreme, omogu\u0107avaju\u0107i vam da va\u0161e ve\u017ebanje podignete na sasvim novi nivo. Sa posebno dizajniranim mehanizmom za zaklju\u010davanje, ovi osigura\u010di garantuju da \u0107e va\u0161i tegovi ost<\/p>","protected":false},"excerpt":{"rendered":"<p>Sigurnost i \u010dvrsto\u0107a na prvom mestu LivePro osigura\u010di za olimpijsku \u0161ipku LP8062 predstavljaju vrhunac inovacija u svetu fitnes opreme, omogu\u0107avaju\u0107i vam da va\u0161e ve\u017ebanje podignete na sasvim novi nivo. Sa posebno dizajniranim mehanizmom za zaklju\u010davanje, ovi osigura\u010di garantuju da \u0107e va\u0161i tegovi ost<\/p>","protected":false},"featured_media":15402,"comment_status":"open","ping_status":"closed","template":"","meta":[],"product_brand":[],"product_cat":[179],"product_tag":[],"class_list":{"0":"post-21187","1":"product","2":"type-product","3":"status-publish","4":"has-post-thumbnail","6":"product_cat-ostala_oprema_za_vezbanje","8":"first","9":"instock","10":"shipping-taxable","11":"purchasable","12":"product-type-simple"},"_links":{"self":[{"href":"https:\/\/fitnesmarket.rs\/hr\/wp-json\/wp\/v2\/product\/21187","targetHints":{"allow":["GET"]}}],"collection":[{"href":"https:\/\/fitnesmarket.rs\/hr\/wp-json\/wp\/v2\/product"}],"about":[{"href":"https:\/\/fitnesmarket.rs\/hr\/wp-json\/wp\/v2\/types\/product"}],"replies":[{"embeddable":true,"href":"https:\/\/fitnesmarket.rs\/hr\/wp-json\/wp\/v2\/comments?post=21187"}],"wp:featuredmedia":[{"embeddable":true,"href":"https:\/\/fitnesmarket.rs\/hr\/wp-json\/wp\/v2\/media\/15402"}],"wp:attachment":[{"href":"https:\/\/fitnesmarket.rs\/hr\/wp-json\/wp\/v2\/media?parent=21187"}],"wp:term":[{"taxonomy":"product_brand","embeddable":true,"href":"https:\/\/fitnesmarket.rs\/hr\/wp-json\/wp\/v2\/product_brand?post=21187"},{"taxonomy":"product_cat","embeddable":true,"href":"https:\/\/fitnesmarket.rs\/hr\/wp-json\/wp\/v2\/product_cat?post=21187"},{"taxonomy":"product_tag","embeddable":true,"href":"https:\/\/fitnesmarket.rs\/hr\/wp-json\/wp\/v2\/product_tag?post=21187"}],"curies":[{"name":"wp","href":"https:\/\/api.w.org\/{rel}","templated":true}]}}