{"id":21230,"date":"2024-08-02T09:27:18","date_gmt":"2024-08-02T09:27:18","guid":{"rendered":"https:\/\/fitnesmarket.rs\/product\/orion-olimpijski-gumeni-tegovi-3d-2x5-kg\/"},"modified":"2024-08-02T09:27:18","modified_gmt":"2024-08-02T09:27:18","slug":"orion-olimpijski-gumeni-tegovi-3d-2x5-kg","status":"publish","type":"product","link":"https:\/\/fitnesmarket.rs\/hr\/product\/orion-olimpijski-gumeni-tegovi-3d-2x5-kg\/","title":{"rendered":"Orion Olimpijski gumeni tegovi 3D -2&#215;5 kg"},"content":{"rendered":"<p>Napredak u snazi i izdr\u017eljivosti Set od dva gumirana tegova te\u017eine 5 kg predstavlja idealan izbor za sve koji \u017eele da unaprede svoj trening snage i izdr\u017eljivosti. Crne boje, ovi tegovi su dizajnirani tako da pru\u017eaju maksimalnu udobnost i efikasnost tokom ve\u017ebanja. Gumirana povr\u0161ina ne samo da \u0161titi <\/p>","protected":false},"excerpt":{"rendered":"<p>Napredak u snazi i izdr\u017eljivosti Set od dva gumirana tegova te\u017eine 5 kg predstavlja idealan izbor za sve koji \u017eele da unaprede svoj trening snage i izdr\u017eljivosti. Crne boje, ovi tegovi su dizajnirani tako da pru\u017eaju maksimalnu udobnost i efikasnost tokom ve\u017ebanja. Gumirana povr\u0161ina ne samo da \u0161titi<\/p>","protected":false},"featured_media":15402,"comment_status":"open","ping_status":"closed","template":"","meta":[],"product_brand":[],"product_cat":[179],"product_tag":[],"class_list":{"0":"post-21230","1":"product","2":"type-product","3":"status-publish","4":"has-post-thumbnail","6":"product_cat-ostala_oprema_za_vezbanje","8":"first","9":"instock","10":"shipping-taxable","11":"purchasable","12":"product-type-simple"},"_links":{"self":[{"href":"https:\/\/fitnesmarket.rs\/hr\/wp-json\/wp\/v2\/product\/21230","targetHints":{"allow":["GET"]}}],"collection":[{"href":"https:\/\/fitnesmarket.rs\/hr\/wp-json\/wp\/v2\/product"}],"about":[{"href":"https:\/\/fitnesmarket.rs\/hr\/wp-json\/wp\/v2\/types\/product"}],"replies":[{"embeddable":true,"href":"https:\/\/fitnesmarket.rs\/hr\/wp-json\/wp\/v2\/comments?post=21230"}],"wp:featuredmedia":[{"embeddable":true,"href":"https:\/\/fitnesmarket.rs\/hr\/wp-json\/wp\/v2\/media\/15402"}],"wp:attachment":[{"href":"https:\/\/fitnesmarket.rs\/hr\/wp-json\/wp\/v2\/media?parent=21230"}],"wp:term":[{"taxonomy":"product_brand","embeddable":true,"href":"https:\/\/fitnesmarket.rs\/hr\/wp-json\/wp\/v2\/product_brand?post=21230"},{"taxonomy":"product_cat","embeddable":true,"href":"https:\/\/fitnesmarket.rs\/hr\/wp-json\/wp\/v2\/product_cat?post=21230"},{"taxonomy":"product_tag","embeddable":true,"href":"https:\/\/fitnesmarket.rs\/hr\/wp-json\/wp\/v2\/product_tag?post=21230"}],"curies":[{"name":"wp","href":"https:\/\/api.w.org\/{rel}","templated":true}]}}