{"id":21252,"date":"2024-08-02T09:27:19","date_gmt":"2024-08-02T09:27:19","guid":{"rendered":"https:\/\/fitnesmarket.rs\/product\/iron-sport-koordinacioni-poligon-od-podnih-markera\/"},"modified":"2024-08-02T09:27:19","modified_gmt":"2024-08-02T09:27:19","slug":"iron-sport-koordinacioni-poligon-od-podnih-markera","status":"publish","type":"product","link":"https:\/\/fitnesmarket.rs\/hr\/product\/iron-sport-koordinacioni-poligon-od-podnih-markera\/","title":{"rendered":"Iron Sport Koordinacioni poligon od podnih markera"},"content":{"rendered":"<p>Kompletan set za sveobuhvatan razvoj Koordinacioni poligon od podnih markera je sveobuhvatan set dizajniran da unapredi koordinaciju, usmeravanje pokreta, i pru\u017ei zabavu kroz igru. Set uklju\u010duje raznolike elemente: 6 pari stopala, 6 pari \u0161aka, 9 krugova, 9 strelica pravo, i 9 strelica levo-desno, \u010di<\/p>","protected":false},"excerpt":{"rendered":"<p>Kompletan set za sveobuhvatan razvoj Koordinacioni poligon od podnih markera je sveobuhvatan set dizajniran da unapredi koordinaciju, usmeravanje pokreta, i pru\u017ei zabavu kroz igru. Set uklju\u010duje raznolike elemente: 6 pari stopala, 6 pari \u0161aka, 9 krugova, 9 strelica pravo, i 9 strelica levo-desno, \u010di<\/p>","protected":false},"featured_media":15402,"comment_status":"open","ping_status":"closed","template":"","meta":[],"product_brand":[],"product_cat":[179],"product_tag":[],"class_list":{"0":"post-21252","1":"product","2":"type-product","3":"status-publish","4":"has-post-thumbnail","6":"product_cat-ostala_oprema_za_vezbanje","8":"first","9":"instock","10":"shipping-taxable","11":"purchasable","12":"product-type-simple"},"_links":{"self":[{"href":"https:\/\/fitnesmarket.rs\/hr\/wp-json\/wp\/v2\/product\/21252","targetHints":{"allow":["GET"]}}],"collection":[{"href":"https:\/\/fitnesmarket.rs\/hr\/wp-json\/wp\/v2\/product"}],"about":[{"href":"https:\/\/fitnesmarket.rs\/hr\/wp-json\/wp\/v2\/types\/product"}],"replies":[{"embeddable":true,"href":"https:\/\/fitnesmarket.rs\/hr\/wp-json\/wp\/v2\/comments?post=21252"}],"wp:featuredmedia":[{"embeddable":true,"href":"https:\/\/fitnesmarket.rs\/hr\/wp-json\/wp\/v2\/media\/15402"}],"wp:attachment":[{"href":"https:\/\/fitnesmarket.rs\/hr\/wp-json\/wp\/v2\/media?parent=21252"}],"wp:term":[{"taxonomy":"product_brand","embeddable":true,"href":"https:\/\/fitnesmarket.rs\/hr\/wp-json\/wp\/v2\/product_brand?post=21252"},{"taxonomy":"product_cat","embeddable":true,"href":"https:\/\/fitnesmarket.rs\/hr\/wp-json\/wp\/v2\/product_cat?post=21252"},{"taxonomy":"product_tag","embeddable":true,"href":"https:\/\/fitnesmarket.rs\/hr\/wp-json\/wp\/v2\/product_tag?post=21252"}],"curies":[{"name":"wp","href":"https:\/\/api.w.org\/{rel}","templated":true}]}}