{"id":21255,"date":"2024-08-02T09:27:19","date_gmt":"2024-08-02T09:27:19","guid":{"rendered":"https:\/\/fitnesmarket.rs\/product\/gorilla-sports-traka-za-skakanje\/"},"modified":"2024-08-02T09:27:19","modified_gmt":"2024-08-02T09:27:19","slug":"gorilla-sports-traka-za-skakanje","status":"publish","type":"product","link":"https:\/\/fitnesmarket.rs\/hr\/product\/gorilla-sports-traka-za-skakanje\/","title":{"rendered":"GORILLA SPORTS Traka za skakanje"},"content":{"rendered":"<p>Izgradite eksplozivnu snagu i sposobnost skakanja! High jump trainer set sa\u010dinjavaju \u010detiri elasti\u010dne gume (dva kompleta od po dve gume razli\u010dite rastegljivosti), pojas i dva kai\u0161a za noge. Pojas sa elasti\u010dnim trakama, tj. pojas za sko\u010dnost i odraz iz kolekcije Gorilla Sports pogodan je za trening s<\/p>","protected":false},"excerpt":{"rendered":"<p>Izgradite eksplozivnu snagu i sposobnost skakanja! High jump trainer set sa\u010dinjavaju \u010detiri elasti\u010dne gume (dva kompleta od po dve gume razli\u010dite rastegljivosti), pojas i dva kai\u0161a za noge. Pojas sa elasti\u010dnim trakama, tj. pojas za sko\u010dnost i odraz iz kolekcije Gorilla Sports pogodan je za trening s<\/p>","protected":false},"featured_media":15402,"comment_status":"open","ping_status":"closed","template":"","meta":[],"product_brand":[],"product_cat":[180],"product_tag":[],"class_list":{"0":"post-21255","1":"product","2":"type-product","3":"status-publish","4":"has-post-thumbnail","6":"product_cat-gume_i_trake_za_vezbanje","8":"first","9":"instock","10":"shipping-taxable","11":"purchasable","12":"product-type-simple"},"_links":{"self":[{"href":"https:\/\/fitnesmarket.rs\/hr\/wp-json\/wp\/v2\/product\/21255","targetHints":{"allow":["GET"]}}],"collection":[{"href":"https:\/\/fitnesmarket.rs\/hr\/wp-json\/wp\/v2\/product"}],"about":[{"href":"https:\/\/fitnesmarket.rs\/hr\/wp-json\/wp\/v2\/types\/product"}],"replies":[{"embeddable":true,"href":"https:\/\/fitnesmarket.rs\/hr\/wp-json\/wp\/v2\/comments?post=21255"}],"wp:featuredmedia":[{"embeddable":true,"href":"https:\/\/fitnesmarket.rs\/hr\/wp-json\/wp\/v2\/media\/15402"}],"wp:attachment":[{"href":"https:\/\/fitnesmarket.rs\/hr\/wp-json\/wp\/v2\/media?parent=21255"}],"wp:term":[{"taxonomy":"product_brand","embeddable":true,"href":"https:\/\/fitnesmarket.rs\/hr\/wp-json\/wp\/v2\/product_brand?post=21255"},{"taxonomy":"product_cat","embeddable":true,"href":"https:\/\/fitnesmarket.rs\/hr\/wp-json\/wp\/v2\/product_cat?post=21255"},{"taxonomy":"product_tag","embeddable":true,"href":"https:\/\/fitnesmarket.rs\/hr\/wp-json\/wp\/v2\/product_tag?post=21255"}],"curies":[{"name":"wp","href":"https:\/\/api.w.org\/{rel}","templated":true}]}}