{"id":21289,"date":"2024-08-02T09:27:20","date_gmt":"2024-08-02T09:27:20","guid":{"rendered":"https:\/\/fitnesmarket.rs\/product\/physionics-gladijator-sa-tegovima-od-40-kg\/"},"modified":"2024-08-02T09:27:20","modified_gmt":"2024-08-02T09:27:20","slug":"physionics-gladijator-sa-tegovima-od-40-kg","status":"publish","type":"product","link":"https:\/\/fitnesmarket.rs\/hr\/product\/physionics-gladijator-sa-tegovima-od-40-kg\/","title":{"rendered":"PHYSIONICS Gladijator (sa tegovima od 40 kg)"},"content":{"rendered":"<p>Od sada je mogu\u0107e imati teretanu u sopstvenom domu uz Gorilla Sports gladijator Oblikujte svoje telo i budite u formi! Ova multifunkcionalna sprava marke Physionics nudi vi\u0161e od 30 razli\u010ditih mogu\u0107nosti za ve\u017ebanje. Mo\u017eete birati izme\u0111u ve\u017ebi za grudi (Chest press), butterfly ve\u017ebi ili ve\u017ebi za noge<\/p>","protected":false},"excerpt":{"rendered":"<p>Od sada je mogu\u0107e imati teretanu u sopstvenom domu uz Gorilla Sports gladijator Oblikujte svoje telo i budite u formi! Ova multifunkcionalna sprava marke Physionics nudi vi\u0161e od 30 razli\u010ditih mogu\u0107nosti za ve\u017ebanje. Mo\u017eete birati izme\u0111u ve\u017ebi za grudi (Chest press), butterfly ve\u017ebi ili ve\u017ebi za noge<\/p>","protected":false},"featured_media":15402,"comment_status":"open","ping_status":"closed","template":"","meta":[],"product_brand":[],"product_cat":[176],"product_tag":[],"class_list":{"0":"post-21289","1":"product","2":"type-product","3":"status-publish","4":"has-post-thumbnail","6":"product_cat-klupe_i_masinske_sprave","8":"first","9":"instock","10":"shipping-taxable","11":"purchasable","12":"product-type-simple"},"_links":{"self":[{"href":"https:\/\/fitnesmarket.rs\/hr\/wp-json\/wp\/v2\/product\/21289","targetHints":{"allow":["GET"]}}],"collection":[{"href":"https:\/\/fitnesmarket.rs\/hr\/wp-json\/wp\/v2\/product"}],"about":[{"href":"https:\/\/fitnesmarket.rs\/hr\/wp-json\/wp\/v2\/types\/product"}],"replies":[{"embeddable":true,"href":"https:\/\/fitnesmarket.rs\/hr\/wp-json\/wp\/v2\/comments?post=21289"}],"wp:featuredmedia":[{"embeddable":true,"href":"https:\/\/fitnesmarket.rs\/hr\/wp-json\/wp\/v2\/media\/15402"}],"wp:attachment":[{"href":"https:\/\/fitnesmarket.rs\/hr\/wp-json\/wp\/v2\/media?parent=21289"}],"wp:term":[{"taxonomy":"product_brand","embeddable":true,"href":"https:\/\/fitnesmarket.rs\/hr\/wp-json\/wp\/v2\/product_brand?post=21289"},{"taxonomy":"product_cat","embeddable":true,"href":"https:\/\/fitnesmarket.rs\/hr\/wp-json\/wp\/v2\/product_cat?post=21289"},{"taxonomy":"product_tag","embeddable":true,"href":"https:\/\/fitnesmarket.rs\/hr\/wp-json\/wp\/v2\/product_tag?post=21289"}],"curies":[{"name":"wp","href":"https:\/\/api.w.org\/{rel}","templated":true}]}}