{"id":21336,"date":"2024-08-02T09:27:22","date_gmt":"2024-08-02T09:27:22","guid":{"rendered":"https:\/\/fitnesmarket.rs\/product\/gorilla-sports-lopta-za-pilates-75-cm-crvena\/"},"modified":"2024-08-02T09:27:22","modified_gmt":"2024-08-02T09:27:22","slug":"gorilla-sports-lopta-za-pilates-75-cm-crvena","status":"publish","type":"product","link":"https:\/\/fitnesmarket.rs\/hr\/product\/gorilla-sports-lopta-za-pilates-75-cm-crvena\/","title":{"rendered":"GORILLA SPORTS Lopta za pilates (75 cm \/ Crvena)"},"content":{"rendered":"<p>Ni jedan trening aerobika ili pilatesa ne mo\u017ee pro\u0107i bez gimnasti\u010dke lopte Ova lopta marke Gorilla Sports je idealan rekvizit za aerobik ve\u017ebe, pilates ve\u017ebe, ve\u017ebe istezanja i opu\u0161tanja tela, mi\u0161i\u0107a i kostiju, bilo da ve\u017ebate kod ku\u0107e ili u teretani i fitness centrima. Na na\u0161em blogu &#8211; Joga za po\u010de<\/p>","protected":false},"excerpt":{"rendered":"<p>Ni jedan trening aerobika ili pilatesa ne mo\u017ee pro\u0107i bez gimnasti\u010dke lopte Ova lopta marke Gorilla Sports je idealan rekvizit za aerobik ve\u017ebe, pilates ve\u017ebe, ve\u017ebe istezanja i opu\u0161tanja tela, mi\u0161i\u0107a i kostiju, bilo da ve\u017ebate kod ku\u0107e ili u teretani i fitness centrima. Na na\u0161em blogu &#8211; Joga za po\u010de<\/p>","protected":false},"featured_media":15402,"comment_status":"open","ping_status":"closed","template":"","meta":[],"product_brand":[],"product_cat":[182],"product_tag":[],"class_list":{"0":"post-21336","1":"product","2":"type-product","3":"status-publish","4":"has-post-thumbnail","6":"product_cat-lopte_za_treniranje","8":"first","9":"instock","10":"shipping-taxable","11":"purchasable","12":"product-type-simple"},"_links":{"self":[{"href":"https:\/\/fitnesmarket.rs\/hr\/wp-json\/wp\/v2\/product\/21336","targetHints":{"allow":["GET"]}}],"collection":[{"href":"https:\/\/fitnesmarket.rs\/hr\/wp-json\/wp\/v2\/product"}],"about":[{"href":"https:\/\/fitnesmarket.rs\/hr\/wp-json\/wp\/v2\/types\/product"}],"replies":[{"embeddable":true,"href":"https:\/\/fitnesmarket.rs\/hr\/wp-json\/wp\/v2\/comments?post=21336"}],"wp:featuredmedia":[{"embeddable":true,"href":"https:\/\/fitnesmarket.rs\/hr\/wp-json\/wp\/v2\/media\/15402"}],"wp:attachment":[{"href":"https:\/\/fitnesmarket.rs\/hr\/wp-json\/wp\/v2\/media?parent=21336"}],"wp:term":[{"taxonomy":"product_brand","embeddable":true,"href":"https:\/\/fitnesmarket.rs\/hr\/wp-json\/wp\/v2\/product_brand?post=21336"},{"taxonomy":"product_cat","embeddable":true,"href":"https:\/\/fitnesmarket.rs\/hr\/wp-json\/wp\/v2\/product_cat?post=21336"},{"taxonomy":"product_tag","embeddable":true,"href":"https:\/\/fitnesmarket.rs\/hr\/wp-json\/wp\/v2\/product_tag?post=21336"}],"curies":[{"name":"wp","href":"https:\/\/api.w.org\/{rel}","templated":true}]}}