{"id":21340,"date":"2024-08-02T09:27:22","date_gmt":"2024-08-02T09:27:22","guid":{"rendered":"https:\/\/fitnesmarket.rs\/product\/gorilla-sports-slam-ball-medicinska-lopta-3-kg\/"},"modified":"2024-08-02T09:27:22","modified_gmt":"2024-08-02T09:27:22","slug":"gorilla-sports-slam-ball-medicinska-lopta-3-kg","status":"publish","type":"product","link":"https:\/\/fitnesmarket.rs\/hr\/product\/gorilla-sports-slam-ball-medicinska-lopta-3-kg\/","title":{"rendered":"GORILLA SPORTS Slam Ball Medicinska lopta (3 kg)"},"content":{"rendered":"<p>Unapredite svoj trening sa Slamball loptom Slamball lopta iz kolekcije Gorilla Sports donosi novu dimenziju u trening snage, pru\u017eaju\u0107i dinami\u010dan i eksplozivan na\u010din ve\u017ebanja koji anga\u017euje celo telo. Sa te\u017einom od 3 kg i pre\u010dnikom od 23 cm, ova lopta je idealna za ve\u017ebe koje ciljaju na pobolj\u0161anje ko<\/p>","protected":false},"excerpt":{"rendered":"<p>Unapredite svoj trening sa Slamball loptom Slamball lopta iz kolekcije Gorilla Sports donosi novu dimenziju u trening snage, pru\u017eaju\u0107i dinami\u010dan i eksplozivan na\u010din ve\u017ebanja koji anga\u017euje celo telo. Sa te\u017einom od 3 kg i pre\u010dnikom od 23 cm, ova lopta je idealna za ve\u017ebe koje ciljaju na pobolj\u0161anje ko<\/p>","protected":false},"featured_media":15402,"comment_status":"open","ping_status":"closed","template":"","meta":[],"product_brand":[],"product_cat":[182],"product_tag":[],"class_list":{"0":"post-21340","1":"product","2":"type-product","3":"status-publish","4":"has-post-thumbnail","6":"product_cat-lopte_za_treniranje","8":"first","9":"instock","10":"shipping-taxable","11":"purchasable","12":"product-type-simple"},"_links":{"self":[{"href":"https:\/\/fitnesmarket.rs\/hr\/wp-json\/wp\/v2\/product\/21340","targetHints":{"allow":["GET"]}}],"collection":[{"href":"https:\/\/fitnesmarket.rs\/hr\/wp-json\/wp\/v2\/product"}],"about":[{"href":"https:\/\/fitnesmarket.rs\/hr\/wp-json\/wp\/v2\/types\/product"}],"replies":[{"embeddable":true,"href":"https:\/\/fitnesmarket.rs\/hr\/wp-json\/wp\/v2\/comments?post=21340"}],"wp:featuredmedia":[{"embeddable":true,"href":"https:\/\/fitnesmarket.rs\/hr\/wp-json\/wp\/v2\/media\/15402"}],"wp:attachment":[{"href":"https:\/\/fitnesmarket.rs\/hr\/wp-json\/wp\/v2\/media?parent=21340"}],"wp:term":[{"taxonomy":"product_brand","embeddable":true,"href":"https:\/\/fitnesmarket.rs\/hr\/wp-json\/wp\/v2\/product_brand?post=21340"},{"taxonomy":"product_cat","embeddable":true,"href":"https:\/\/fitnesmarket.rs\/hr\/wp-json\/wp\/v2\/product_cat?post=21340"},{"taxonomy":"product_tag","embeddable":true,"href":"https:\/\/fitnesmarket.rs\/hr\/wp-json\/wp\/v2\/product_tag?post=21340"}],"curies":[{"name":"wp","href":"https:\/\/api.w.org\/{rel}","templated":true}]}}