{"id":21364,"date":"2024-08-02T09:27:23","date_gmt":"2024-08-02T09:27:23","guid":{"rendered":"https:\/\/fitnesmarket.rs\/product\/thera-band-trenazna-stanica-sprave-za-vezbanje\/"},"modified":"2024-08-02T09:27:23","modified_gmt":"2024-08-02T09:27:23","slug":"thera-band-trenazna-stanica-sprave-za-vezbanje","status":"publish","type":"product","link":"https:\/\/fitnesmarket.rs\/hr\/product\/thera-band-trenazna-stanica-sprave-za-vezbanje\/","title":{"rendered":"Thera Band Trena\u017ena stanica, sprave za ve\u017ebanje"},"content":{"rendered":"<p>Thera Band Trena\u017ena Stanica: Va\u0161 Li\u010dni Fitness Centar Vi\u0161enamenska platforma za celokupni trening Thera Band Trena\u017ena Stanica predstavlja revolucionarni sistem za ve\u017ebanje koji vam omogu\u0107ava da izvodite \u0161irok spektar ve\u017ebi sa otporom, sve na jednom mestu. Ova inovativna sprava za ve\u017ebanje je dizajni<\/p>","protected":false},"excerpt":{"rendered":"<p>Thera Band Trena\u017ena Stanica: Va\u0161 Li\u010dni Fitness Centar Vi\u0161enamenska platforma za celokupni trening Thera Band Trena\u017ena Stanica predstavlja revolucionarni sistem za ve\u017ebanje koji vam omogu\u0107ava da izvodite \u0161irok spektar ve\u017ebi sa otporom, sve na jednom mestu. Ova inovativna sprava za ve\u017ebanje je dizajni<\/p>","protected":false},"featured_media":15402,"comment_status":"open","ping_status":"closed","template":"","meta":[],"product_brand":[],"product_cat":[176],"product_tag":[],"class_list":{"0":"post-21364","1":"product","2":"type-product","3":"status-publish","4":"has-post-thumbnail","6":"product_cat-klupe_i_masinske_sprave","8":"first","9":"instock","10":"shipping-taxable","11":"purchasable","12":"product-type-simple"},"_links":{"self":[{"href":"https:\/\/fitnesmarket.rs\/hr\/wp-json\/wp\/v2\/product\/21364","targetHints":{"allow":["GET"]}}],"collection":[{"href":"https:\/\/fitnesmarket.rs\/hr\/wp-json\/wp\/v2\/product"}],"about":[{"href":"https:\/\/fitnesmarket.rs\/hr\/wp-json\/wp\/v2\/types\/product"}],"replies":[{"embeddable":true,"href":"https:\/\/fitnesmarket.rs\/hr\/wp-json\/wp\/v2\/comments?post=21364"}],"wp:featuredmedia":[{"embeddable":true,"href":"https:\/\/fitnesmarket.rs\/hr\/wp-json\/wp\/v2\/media\/15402"}],"wp:attachment":[{"href":"https:\/\/fitnesmarket.rs\/hr\/wp-json\/wp\/v2\/media?parent=21364"}],"wp:term":[{"taxonomy":"product_brand","embeddable":true,"href":"https:\/\/fitnesmarket.rs\/hr\/wp-json\/wp\/v2\/product_brand?post=21364"},{"taxonomy":"product_cat","embeddable":true,"href":"https:\/\/fitnesmarket.rs\/hr\/wp-json\/wp\/v2\/product_cat?post=21364"},{"taxonomy":"product_tag","embeddable":true,"href":"https:\/\/fitnesmarket.rs\/hr\/wp-json\/wp\/v2\/product_tag?post=21364"}],"curies":[{"name":"wp","href":"https:\/\/api.w.org\/{rel}","templated":true}]}}