{"id":21374,"date":"2024-08-02T09:27:24","date_gmt":"2024-08-02T09:27:24","guid":{"rendered":"https:\/\/fitnesmarket.rs\/product\/gorilla-sports-kanap-za-trening-battle-rope-sa-zidnim-nosacem-900-cm-x-5-cm\/"},"modified":"2024-08-02T09:27:24","modified_gmt":"2024-08-02T09:27:24","slug":"gorilla-sports-kanap-za-trening-battle-rope-sa-zidnim-nosacem-900-cm-x-5-cm","status":"publish","type":"product","link":"https:\/\/fitnesmarket.rs\/hr\/product\/gorilla-sports-kanap-za-trening-battle-rope-sa-zidnim-nosacem-900-cm-x-5-cm\/","title":{"rendered":"GORILLA SPORTS Kanap za trening Battle Rope sa zidnim nosa\u010dem (900 cm x 5 cm)"},"content":{"rendered":"<p>Osve\u017eenje u treningu sa Gorilla Sports kanapom Gorilla Sports kanap donosi pravo osve\u017eenje u svet fitnesa i crossfit treninga. Ovaj rekvizit postaje neophodan alat za sve koji \u017eele da aktiviraju sve mi\u0161i\u0107ne grupe na nov i efikasan na\u010din. Sa fokusom na gornji deo tela, uklju\u010duju\u0107i ramena i ruke, ovaj<\/p>","protected":false},"excerpt":{"rendered":"<p>Osve\u017eenje u treningu sa Gorilla Sports kanapom Gorilla Sports kanap donosi pravo osve\u017eenje u svet fitnesa i crossfit treninga. Ovaj rekvizit postaje neophodan alat za sve koji \u017eele da aktiviraju sve mi\u0161i\u0107ne grupe na nov i efikasan na\u010din. Sa fokusom na gornji deo tela, uklju\u010duju\u0107i ramena i ruke, ovaj<\/p>","protected":false},"featured_media":15402,"comment_status":"open","ping_status":"closed","template":"","meta":[],"product_brand":[],"product_cat":[179],"product_tag":[],"class_list":{"0":"post-21374","1":"product","2":"type-product","3":"status-publish","4":"has-post-thumbnail","6":"product_cat-ostala_oprema_za_vezbanje","8":"first","9":"instock","10":"shipping-taxable","11":"purchasable","12":"product-type-simple"},"_links":{"self":[{"href":"https:\/\/fitnesmarket.rs\/hr\/wp-json\/wp\/v2\/product\/21374","targetHints":{"allow":["GET"]}}],"collection":[{"href":"https:\/\/fitnesmarket.rs\/hr\/wp-json\/wp\/v2\/product"}],"about":[{"href":"https:\/\/fitnesmarket.rs\/hr\/wp-json\/wp\/v2\/types\/product"}],"replies":[{"embeddable":true,"href":"https:\/\/fitnesmarket.rs\/hr\/wp-json\/wp\/v2\/comments?post=21374"}],"wp:featuredmedia":[{"embeddable":true,"href":"https:\/\/fitnesmarket.rs\/hr\/wp-json\/wp\/v2\/media\/15402"}],"wp:attachment":[{"href":"https:\/\/fitnesmarket.rs\/hr\/wp-json\/wp\/v2\/media?parent=21374"}],"wp:term":[{"taxonomy":"product_brand","embeddable":true,"href":"https:\/\/fitnesmarket.rs\/hr\/wp-json\/wp\/v2\/product_brand?post=21374"},{"taxonomy":"product_cat","embeddable":true,"href":"https:\/\/fitnesmarket.rs\/hr\/wp-json\/wp\/v2\/product_cat?post=21374"},{"taxonomy":"product_tag","embeddable":true,"href":"https:\/\/fitnesmarket.rs\/hr\/wp-json\/wp\/v2\/product_tag?post=21374"}],"curies":[{"name":"wp","href":"https:\/\/api.w.org\/{rel}","templated":true}]}}