{"id":21377,"date":"2024-08-02T09:27:24","date_gmt":"2024-08-02T09:27:24","guid":{"rendered":"https:\/\/fitnesmarket.rs\/product\/gorilla-sports-pliometrijska-kutija-plyo-box-kutija-za-crossfit-crna\/"},"modified":"2024-08-02T09:27:24","modified_gmt":"2024-08-02T09:27:24","slug":"gorilla-sports-pliometrijska-kutija-plyo-box-kutija-za-crossfit-crna","status":"publish","type":"product","link":"https:\/\/fitnesmarket.rs\/hr\/product\/gorilla-sports-pliometrijska-kutija-plyo-box-kutija-za-crossfit-crna\/","title":{"rendered":"GORILLA SPORTS Pliometrijska kutija Plyo Box \/ Kutija za Crossfit (crna)"},"content":{"rendered":"<p>Dinami\u010dniji i izazovniji trening uz Plyo Box Uz pomo\u0107 Gorilla Sports drvene pliometrijske kutije u crnoj boji namenjene funkcionalnom treningu mo\u0107i \u0107ete da ve\u017ebate skokove i sklekove, a odli\u010dna je i za \u0161irok spektar ve\u017ebi izdr\u017eljivosti i snage. Kutija je izra\u0111ena od \u010dvrstog materijala \u0161to garantuje <\/p>","protected":false},"excerpt":{"rendered":"<p>Dinami\u010dniji i izazovniji trening uz Plyo Box Uz pomo\u0107 Gorilla Sports drvene pliometrijske kutije u crnoj boji namenjene funkcionalnom treningu mo\u0107i \u0107ete da ve\u017ebate skokove i sklekove, a odli\u010dna je i za \u0161irok spektar ve\u017ebi izdr\u017eljivosti i snage. Kutija je izra\u0111ena od \u010dvrstog materijala \u0161to garantuje<\/p>","protected":false},"featured_media":15402,"comment_status":"open","ping_status":"closed","template":"","meta":[],"product_brand":[],"product_cat":[179],"product_tag":[],"class_list":{"0":"post-21377","1":"product","2":"type-product","3":"status-publish","4":"has-post-thumbnail","6":"product_cat-ostala_oprema_za_vezbanje","8":"first","9":"instock","10":"shipping-taxable","11":"purchasable","12":"product-type-simple"},"_links":{"self":[{"href":"https:\/\/fitnesmarket.rs\/hr\/wp-json\/wp\/v2\/product\/21377","targetHints":{"allow":["GET"]}}],"collection":[{"href":"https:\/\/fitnesmarket.rs\/hr\/wp-json\/wp\/v2\/product"}],"about":[{"href":"https:\/\/fitnesmarket.rs\/hr\/wp-json\/wp\/v2\/types\/product"}],"replies":[{"embeddable":true,"href":"https:\/\/fitnesmarket.rs\/hr\/wp-json\/wp\/v2\/comments?post=21377"}],"wp:featuredmedia":[{"embeddable":true,"href":"https:\/\/fitnesmarket.rs\/hr\/wp-json\/wp\/v2\/media\/15402"}],"wp:attachment":[{"href":"https:\/\/fitnesmarket.rs\/hr\/wp-json\/wp\/v2\/media?parent=21377"}],"wp:term":[{"taxonomy":"product_brand","embeddable":true,"href":"https:\/\/fitnesmarket.rs\/hr\/wp-json\/wp\/v2\/product_brand?post=21377"},{"taxonomy":"product_cat","embeddable":true,"href":"https:\/\/fitnesmarket.rs\/hr\/wp-json\/wp\/v2\/product_cat?post=21377"},{"taxonomy":"product_tag","embeddable":true,"href":"https:\/\/fitnesmarket.rs\/hr\/wp-json\/wp\/v2\/product_tag?post=21377"}],"curies":[{"name":"wp","href":"https:\/\/api.w.org\/{rel}","templated":true}]}}