{"id":21461,"date":"2024-08-02T09:27:27","date_gmt":"2024-08-02T09:27:27","guid":{"rendered":"https:\/\/fitnesmarket.rs\/product\/gorilla-sports-set-od-2-podesive-bucice-od-livenog-gvozda-25-mm-15-kg\/"},"modified":"2024-08-02T09:27:27","modified_gmt":"2024-08-02T09:27:27","slug":"gorilla-sports-set-od-2-podesive-bucice-od-livenog-gvozda-25-mm-15-kg","status":"publish","type":"product","link":"https:\/\/fitnesmarket.rs\/hr\/product\/gorilla-sports-set-od-2-podesive-bucice-od-livenog-gvozda-25-mm-15-kg\/","title":{"rendered":"GORILLA SPORTS Set od 2 podesive bu\u010dice od livenog gvo\u017e\u0111a 25 mm (15 kg)"},"content":{"rendered":"<p>Trening snage nikad nije bio lak\u0161i zahvaljuju\u0107i Gorilla Sports bu\u010dicama Ovaj set kratkih plasti\u010dnih \u0161ipki i tegova od livenog gvo\u017e\u0111a je sve \u0161to vam je potrebno za efikasan trening kod ku\u0107e ili u teretani, posebno kad ve\u017ebate biceps i triceps. Uz pomo\u0107 Gorilla Sports bu\u010dica kroz ciljani trening slabi<\/p>","protected":false},"excerpt":{"rendered":"<p>Trening snage nikad nije bio lak\u0161i zahvaljuju\u0107i Gorilla Sports bu\u010dicama Ovaj set kratkih plasti\u010dnih \u0161ipki i tegova od livenog gvo\u017e\u0111a je sve \u0161to vam je potrebno za efikasan trening kod ku\u0107e ili u teretani, posebno kad ve\u017ebate biceps i triceps. Uz pomo\u0107 Gorilla Sports bu\u010dica kroz ciljani trening slabi<\/p>","protected":false},"featured_media":15402,"comment_status":"open","ping_status":"closed","template":"","meta":[],"product_brand":[],"product_cat":[175],"product_tag":[],"class_list":{"0":"post-21461","1":"product","2":"type-product","3":"status-publish","4":"has-post-thumbnail","6":"product_cat-tegovi","8":"first","9":"instock","10":"shipping-taxable","11":"purchasable","12":"product-type-simple"},"_links":{"self":[{"href":"https:\/\/fitnesmarket.rs\/hr\/wp-json\/wp\/v2\/product\/21461","targetHints":{"allow":["GET"]}}],"collection":[{"href":"https:\/\/fitnesmarket.rs\/hr\/wp-json\/wp\/v2\/product"}],"about":[{"href":"https:\/\/fitnesmarket.rs\/hr\/wp-json\/wp\/v2\/types\/product"}],"replies":[{"embeddable":true,"href":"https:\/\/fitnesmarket.rs\/hr\/wp-json\/wp\/v2\/comments?post=21461"}],"wp:featuredmedia":[{"embeddable":true,"href":"https:\/\/fitnesmarket.rs\/hr\/wp-json\/wp\/v2\/media\/15402"}],"wp:attachment":[{"href":"https:\/\/fitnesmarket.rs\/hr\/wp-json\/wp\/v2\/media?parent=21461"}],"wp:term":[{"taxonomy":"product_brand","embeddable":true,"href":"https:\/\/fitnesmarket.rs\/hr\/wp-json\/wp\/v2\/product_brand?post=21461"},{"taxonomy":"product_cat","embeddable":true,"href":"https:\/\/fitnesmarket.rs\/hr\/wp-json\/wp\/v2\/product_cat?post=21461"},{"taxonomy":"product_tag","embeddable":true,"href":"https:\/\/fitnesmarket.rs\/hr\/wp-json\/wp\/v2\/product_tag?post=21461"}],"curies":[{"name":"wp","href":"https:\/\/api.w.org\/{rel}","templated":true}]}}