{"id":21464,"date":"2024-08-02T09:27:27","date_gmt":"2024-08-02T09:27:27","guid":{"rendered":"https:\/\/fitnesmarket.rs\/product\/togu-mini-trake-flexvit-mini-band\/"},"modified":"2024-08-02T09:27:27","modified_gmt":"2024-08-02T09:27:27","slug":"togu-mini-trake-flexvit-mini-band","status":"publish","type":"product","link":"https:\/\/fitnesmarket.rs\/hr\/product\/togu-mini-trake-flexvit-mini-band\/","title":{"rendered":"Togu Mini trake Flexvit Mini band"},"content":{"rendered":"<p>Pobolj\u0161ajte snagu i pokretljivost Kori\u0161\u0107enjem ovih traka u svojim ve\u017ebama, mo\u017eete ciljano oja\u010dati mi\u0161i\u0107e donjeg dela tela, pobolj\u0161ati stabilnost i pove\u0107ati opseg pokreta. Vi\u0161enamenska upotreba Flexvit Mini Band trake su odli\u010dan alat za razli\u010dite ve\u017ebe, uklju\u010duju\u0107i \u010du\u010dnjeve, iskorake, ve\u017ebe za kukove<\/p>","protected":false},"excerpt":{"rendered":"<p>Pobolj\u0161ajte snagu i pokretljivost Kori\u0161\u0107enjem ovih traka u svojim ve\u017ebama, mo\u017eete ciljano oja\u010dati mi\u0161i\u0107e donjeg dela tela, pobolj\u0161ati stabilnost i pove\u0107ati opseg pokreta. Vi\u0161enamenska upotreba Flexvit Mini Band trake su odli\u010dan alat za razli\u010dite ve\u017ebe, uklju\u010duju\u0107i \u010du\u010dnjeve, iskorake, ve\u017ebe za kukove<\/p>","protected":false},"featured_media":15402,"comment_status":"open","ping_status":"closed","template":"","meta":[],"product_brand":[],"product_cat":[180],"product_tag":[],"class_list":{"0":"post-21464","1":"product","2":"type-product","3":"status-publish","4":"has-post-thumbnail","6":"product_cat-gume_i_trake_za_vezbanje","8":"first","9":"instock","10":"shipping-taxable","11":"purchasable","12":"product-type-simple"},"_links":{"self":[{"href":"https:\/\/fitnesmarket.rs\/hr\/wp-json\/wp\/v2\/product\/21464","targetHints":{"allow":["GET"]}}],"collection":[{"href":"https:\/\/fitnesmarket.rs\/hr\/wp-json\/wp\/v2\/product"}],"about":[{"href":"https:\/\/fitnesmarket.rs\/hr\/wp-json\/wp\/v2\/types\/product"}],"replies":[{"embeddable":true,"href":"https:\/\/fitnesmarket.rs\/hr\/wp-json\/wp\/v2\/comments?post=21464"}],"wp:featuredmedia":[{"embeddable":true,"href":"https:\/\/fitnesmarket.rs\/hr\/wp-json\/wp\/v2\/media\/15402"}],"wp:attachment":[{"href":"https:\/\/fitnesmarket.rs\/hr\/wp-json\/wp\/v2\/media?parent=21464"}],"wp:term":[{"taxonomy":"product_brand","embeddable":true,"href":"https:\/\/fitnesmarket.rs\/hr\/wp-json\/wp\/v2\/product_brand?post=21464"},{"taxonomy":"product_cat","embeddable":true,"href":"https:\/\/fitnesmarket.rs\/hr\/wp-json\/wp\/v2\/product_cat?post=21464"},{"taxonomy":"product_tag","embeddable":true,"href":"https:\/\/fitnesmarket.rs\/hr\/wp-json\/wp\/v2\/product_tag?post=21464"}],"curies":[{"name":"wp","href":"https:\/\/api.w.org\/{rel}","templated":true}]}}