{"id":21496,"date":"2024-08-02T09:27:29","date_gmt":"2024-08-02T09:27:29","guid":{"rendered":"https:\/\/fitnesmarket.rs\/product\/ring-traka-za-trcanje-sa-2-motora-3-hp-130kg-rx-201a\/"},"modified":"2024-08-02T09:27:29","modified_gmt":"2024-08-02T09:27:29","slug":"ring-traka-za-trcanje-sa-2-motora-3-hp-130kg-rx-201a","status":"publish","type":"product","link":"https:\/\/fitnesmarket.rs\/hr\/product\/ring-traka-za-trcanje-sa-2-motora-3-hp-130kg-rx-201a\/","title":{"rendered":"Ring Traka za tr\u010danje sa 2 motora 3 HP (130kg) RX 201A"},"content":{"rendered":"<p>Najnapredniji multifunkcionalni kompjuter za tr\u010danje Ovaj vrhunski kompjuter za tr\u010danje dizajniran je sa ciljem da pru\u017ei korisnicima sve \u0161to je potrebno za efikasne i produktivne treninge. Sa izuzetnom masivno\u0161\u0107u i multifunkcionalno\u0161\u0107u, prati put, brzinu, vreme, kalorije i puls, koji se meri direktn<\/p>","protected":false},"excerpt":{"rendered":"<p>Najnapredniji multifunkcionalni kompjuter za tr\u010danje Ovaj vrhunski kompjuter za tr\u010danje dizajniran je sa ciljem da pru\u017ei korisnicima sve \u0161to je potrebno za efikasne i produktivne treninge. Sa izuzetnom masivno\u0161\u0107u i multifunkcionalno\u0161\u0107u, prati put, brzinu, vreme, kalorije i puls, koji se meri direktn<\/p>","protected":false},"featured_media":15402,"comment_status":"open","ping_status":"closed","template":"","meta":[],"product_brand":[],"product_cat":[174],"product_tag":[],"class_list":{"0":"post-21496","1":"product","2":"type-product","3":"status-publish","4":"has-post-thumbnail","6":"product_cat-staze_za_trcanje","8":"first","9":"instock","10":"shipping-taxable","11":"purchasable","12":"product-type-simple"},"_links":{"self":[{"href":"https:\/\/fitnesmarket.rs\/hr\/wp-json\/wp\/v2\/product\/21496","targetHints":{"allow":["GET"]}}],"collection":[{"href":"https:\/\/fitnesmarket.rs\/hr\/wp-json\/wp\/v2\/product"}],"about":[{"href":"https:\/\/fitnesmarket.rs\/hr\/wp-json\/wp\/v2\/types\/product"}],"replies":[{"embeddable":true,"href":"https:\/\/fitnesmarket.rs\/hr\/wp-json\/wp\/v2\/comments?post=21496"}],"wp:featuredmedia":[{"embeddable":true,"href":"https:\/\/fitnesmarket.rs\/hr\/wp-json\/wp\/v2\/media\/15402"}],"wp:attachment":[{"href":"https:\/\/fitnesmarket.rs\/hr\/wp-json\/wp\/v2\/media?parent=21496"}],"wp:term":[{"taxonomy":"product_brand","embeddable":true,"href":"https:\/\/fitnesmarket.rs\/hr\/wp-json\/wp\/v2\/product_brand?post=21496"},{"taxonomy":"product_cat","embeddable":true,"href":"https:\/\/fitnesmarket.rs\/hr\/wp-json\/wp\/v2\/product_cat?post=21496"},{"taxonomy":"product_tag","embeddable":true,"href":"https:\/\/fitnesmarket.rs\/hr\/wp-json\/wp\/v2\/product_tag?post=21496"}],"curies":[{"name":"wp","href":"https:\/\/api.w.org\/{rel}","templated":true}]}}