{"id":21516,"date":"2024-08-02T09:27:30","date_gmt":"2024-08-02T09:27:30","guid":{"rendered":"https:\/\/fitnesmarket.rs\/product\/ring-wall-ball-lopta-za-bacanje-12kg-rx-lmb-8007-12\/"},"modified":"2024-08-02T09:27:30","modified_gmt":"2024-08-02T09:27:30","slug":"ring-wall-ball-lopta-za-bacanje-12kg-rx-lmb-8007-12","status":"publish","type":"product","link":"https:\/\/fitnesmarket.rs\/hr\/product\/ring-wall-ball-lopta-za-bacanje-12kg-rx-lmb-8007-12\/","title":{"rendered":"Ring Wall ball lopta za bacanje 12kg RX LMB 8007-12"},"content":{"rendered":"<p>Perfekcionisane karakteristike za vrhunski trening Lopta sa mekom oblogom i pa\u017eljivo balansiranom te\u017einom osmi\u0161ljena je da pru\u017ei korisnicima lako\u0107u upotrebe i efikasnost tokom treninga. Njena spoljna povr\u0161ina, oblo\u017eena izuzetno \u010dvrstim plastificiranim PVC materijalom, obezbe\u0111uje izdr\u017eljivost i otpor<\/p>","protected":false},"excerpt":{"rendered":"<p>Perfekcionisane karakteristike za vrhunski trening Lopta sa mekom oblogom i pa\u017eljivo balansiranom te\u017einom osmi\u0161ljena je da pru\u017ei korisnicima lako\u0107u upotrebe i efikasnost tokom treninga. Njena spoljna povr\u0161ina, oblo\u017eena izuzetno \u010dvrstim plastificiranim PVC materijalom, obezbe\u0111uje izdr\u017eljivost i otpor<\/p>","protected":false},"featured_media":15402,"comment_status":"open","ping_status":"closed","template":"","meta":[],"product_brand":[],"product_cat":[182],"product_tag":[],"class_list":{"0":"post-21516","1":"product","2":"type-product","3":"status-publish","4":"has-post-thumbnail","6":"product_cat-lopte_za_treniranje","8":"first","9":"instock","10":"shipping-taxable","11":"purchasable","12":"product-type-simple"},"_links":{"self":[{"href":"https:\/\/fitnesmarket.rs\/hr\/wp-json\/wp\/v2\/product\/21516","targetHints":{"allow":["GET"]}}],"collection":[{"href":"https:\/\/fitnesmarket.rs\/hr\/wp-json\/wp\/v2\/product"}],"about":[{"href":"https:\/\/fitnesmarket.rs\/hr\/wp-json\/wp\/v2\/types\/product"}],"replies":[{"embeddable":true,"href":"https:\/\/fitnesmarket.rs\/hr\/wp-json\/wp\/v2\/comments?post=21516"}],"wp:featuredmedia":[{"embeddable":true,"href":"https:\/\/fitnesmarket.rs\/hr\/wp-json\/wp\/v2\/media\/15402"}],"wp:attachment":[{"href":"https:\/\/fitnesmarket.rs\/hr\/wp-json\/wp\/v2\/media?parent=21516"}],"wp:term":[{"taxonomy":"product_brand","embeddable":true,"href":"https:\/\/fitnesmarket.rs\/hr\/wp-json\/wp\/v2\/product_brand?post=21516"},{"taxonomy":"product_cat","embeddable":true,"href":"https:\/\/fitnesmarket.rs\/hr\/wp-json\/wp\/v2\/product_cat?post=21516"},{"taxonomy":"product_tag","embeddable":true,"href":"https:\/\/fitnesmarket.rs\/hr\/wp-json\/wp\/v2\/product_tag?post=21516"}],"curies":[{"name":"wp","href":"https:\/\/api.w.org\/{rel}","templated":true}]}}