{"id":21565,"date":"2024-08-02T09:27:32","date_gmt":"2024-08-02T09:27:32","guid":{"rendered":"https:\/\/fitnesmarket.rs\/product\/iron-sport-tegovi-set-88kg-tegova-21-sipka-rucka-za-zvono-tocak-za-trbusnjake-guma-za-saku-i-vijaca\/"},"modified":"2024-08-02T09:27:32","modified_gmt":"2024-08-02T09:27:32","slug":"iron-sport-tegovi-set-88kg-tegova-21-sipka-rucka-za-zvono-tocak-za-trbusnjake-guma-za-saku-i-vijaca","status":"publish","type":"product","link":"https:\/\/fitnesmarket.rs\/hr\/product\/iron-sport-tegovi-set-88kg-tegova-21-sipka-rucka-za-zvono-tocak-za-trbusnjake-guma-za-saku-i-vijaca\/","title":{"rendered":"Iron Sport Tegovi set 88kg tegova 2+1 \u0161ipka ru\u010dka za zvono to\u010dak za trbu\u0161njake guma za \u0161aku i vija\u010da"},"content":{"rendered":"<p>Opis iron sport set tegova Iron Sport set tegova obi\u010dno sadr\u017ei kombinaciju bu\u010dica, \u0161ipki i pripadaju\u0107ih tegova koji se mogu koristiti za izvo\u0111enje \u0161irokog spektra ve\u017ebi za snagu. Set mo\u017ee uklju\u010divati razli\u010dite te\u017eine tegova koje se lako montiraju i demontiraju, omogu\u0107avaju\u0107i korisnicima da prilagode<\/p>","protected":false},"excerpt":{"rendered":"<p>Opis iron sport set tegova Iron Sport set tegova obi\u010dno sadr\u017ei kombinaciju bu\u010dica, \u0161ipki i pripadaju\u0107ih tegova koji se mogu koristiti za izvo\u0111enje \u0161irokog spektra ve\u017ebi za snagu. Set mo\u017ee uklju\u010divati razli\u010dite te\u017eine tegova koje se lako montiraju i demontiraju, omogu\u0107avaju\u0107i korisnicima da prilagode<\/p>","protected":false},"featured_media":15402,"comment_status":"open","ping_status":"closed","template":"","meta":[],"product_brand":[],"product_cat":[175],"product_tag":[],"class_list":{"0":"post-21565","1":"product","2":"type-product","3":"status-publish","4":"has-post-thumbnail","6":"product_cat-tegovi","8":"first","9":"instock","10":"shipping-taxable","11":"purchasable","12":"product-type-simple"},"_links":{"self":[{"href":"https:\/\/fitnesmarket.rs\/hr\/wp-json\/wp\/v2\/product\/21565","targetHints":{"allow":["GET"]}}],"collection":[{"href":"https:\/\/fitnesmarket.rs\/hr\/wp-json\/wp\/v2\/product"}],"about":[{"href":"https:\/\/fitnesmarket.rs\/hr\/wp-json\/wp\/v2\/types\/product"}],"replies":[{"embeddable":true,"href":"https:\/\/fitnesmarket.rs\/hr\/wp-json\/wp\/v2\/comments?post=21565"}],"wp:featuredmedia":[{"embeddable":true,"href":"https:\/\/fitnesmarket.rs\/hr\/wp-json\/wp\/v2\/media\/15402"}],"wp:attachment":[{"href":"https:\/\/fitnesmarket.rs\/hr\/wp-json\/wp\/v2\/media?parent=21565"}],"wp:term":[{"taxonomy":"product_brand","embeddable":true,"href":"https:\/\/fitnesmarket.rs\/hr\/wp-json\/wp\/v2\/product_brand?post=21565"},{"taxonomy":"product_cat","embeddable":true,"href":"https:\/\/fitnesmarket.rs\/hr\/wp-json\/wp\/v2\/product_cat?post=21565"},{"taxonomy":"product_tag","embeddable":true,"href":"https:\/\/fitnesmarket.rs\/hr\/wp-json\/wp\/v2\/product_tag?post=21565"}],"curies":[{"name":"wp","href":"https:\/\/api.w.org\/{rel}","templated":true}]}}