{"id":21622,"date":"2024-08-02T09:27:34","date_gmt":"2024-08-02T09:27:34","guid":{"rendered":"https:\/\/fitnesmarket.rs\/product\/maxxus-elektricna-traka-za-trcanje-i-hodanje-runmaxx-4-2i\/"},"modified":"2024-08-02T09:27:34","modified_gmt":"2024-08-02T09:27:34","slug":"maxxus-elektricna-traka-za-trcanje-i-hodanje-runmaxx-4-2i","status":"publish","type":"product","link":"https:\/\/fitnesmarket.rs\/hr\/product\/maxxus-elektricna-traka-za-trcanje-i-hodanje-runmaxx-4-2i\/","title":{"rendered":"MAXXUS Elektri\u010dna traka za tr\u010danje i hodanje RunMaxx 4.2i"},"content":{"rendered":"<p>Transformi\u0161ite svoj dom u centar za kardio trening sa Maxxus trakom za tr\u010danje Maxxus elektri\u010dna traka za tr\u010danje pru\u017ea vam sve \u0161to je potrebno za kompletan kardio trening u udobnosti va\u0161eg doma. Sa mogu\u0107no\u0161\u0107u dostizanja brzine do 16 km\/h zahvaljuju\u0107i sna\u017enom DC motoru, ova traka predstavlja idealno<\/p>","protected":false},"excerpt":{"rendered":"<p>Transformi\u0161ite svoj dom u centar za kardio trening sa Maxxus trakom za tr\u010danje Maxxus elektri\u010dna traka za tr\u010danje pru\u017ea vam sve \u0161to je potrebno za kompletan kardio trening u udobnosti va\u0161eg doma. Sa mogu\u0107no\u0161\u0107u dostizanja brzine do 16 km\/h zahvaljuju\u0107i sna\u017enom DC motoru, ova traka predstavlja idealno<\/p>","protected":false},"featured_media":15402,"comment_status":"open","ping_status":"closed","template":"","meta":[],"product_brand":[],"product_cat":[174],"product_tag":[],"class_list":{"0":"post-21622","1":"product","2":"type-product","3":"status-publish","4":"has-post-thumbnail","6":"product_cat-staze_za_trcanje","8":"first","9":"instock","10":"shipping-taxable","11":"purchasable","12":"product-type-simple"},"_links":{"self":[{"href":"https:\/\/fitnesmarket.rs\/hr\/wp-json\/wp\/v2\/product\/21622","targetHints":{"allow":["GET"]}}],"collection":[{"href":"https:\/\/fitnesmarket.rs\/hr\/wp-json\/wp\/v2\/product"}],"about":[{"href":"https:\/\/fitnesmarket.rs\/hr\/wp-json\/wp\/v2\/types\/product"}],"replies":[{"embeddable":true,"href":"https:\/\/fitnesmarket.rs\/hr\/wp-json\/wp\/v2\/comments?post=21622"}],"wp:featuredmedia":[{"embeddable":true,"href":"https:\/\/fitnesmarket.rs\/hr\/wp-json\/wp\/v2\/media\/15402"}],"wp:attachment":[{"href":"https:\/\/fitnesmarket.rs\/hr\/wp-json\/wp\/v2\/media?parent=21622"}],"wp:term":[{"taxonomy":"product_brand","embeddable":true,"href":"https:\/\/fitnesmarket.rs\/hr\/wp-json\/wp\/v2\/product_brand?post=21622"},{"taxonomy":"product_cat","embeddable":true,"href":"https:\/\/fitnesmarket.rs\/hr\/wp-json\/wp\/v2\/product_cat?post=21622"},{"taxonomy":"product_tag","embeddable":true,"href":"https:\/\/fitnesmarket.rs\/hr\/wp-json\/wp\/v2\/product_tag?post=21622"}],"curies":[{"name":"wp","href":"https:\/\/api.w.org\/{rel}","templated":true}]}}