{"id":21627,"date":"2024-08-02T09:27:35","date_gmt":"2024-08-02T09:27:35","guid":{"rendered":"https:\/\/fitnesmarket.rs\/product\/gorilla-sports-plasticna-sipka-za-aerobik-130-cm-2-sigurnosne-opruge-za-tegove\/"},"modified":"2024-08-02T09:27:35","modified_gmt":"2024-08-02T09:27:35","slug":"gorilla-sports-plasticna-sipka-za-aerobik-130-cm-2-sigurnosne-opruge-za-tegove","status":"publish","type":"product","link":"https:\/\/fitnesmarket.rs\/hr\/product\/gorilla-sports-plasticna-sipka-za-aerobik-130-cm-2-sigurnosne-opruge-za-tegove\/","title":{"rendered":"GORILLA SPORTS Plasti\u010dna \u0161ipka za aerobik (130 cm + 2 sigurnosne opruge za tegove)"},"content":{"rendered":"<p>\u0160ipka idealna za aerobik, crossfit, ili bilo koji drugi trening snage sa tegovima po va\u0161em izboru Ova specijalno dizajnirana \u0161ipka za aerobik i fitness od 130 cm, brenda Gorilla Sports, vam omoguc\u00b4ava \u0161irok spektar ve\u017ebi za snagu i funkcionalnih ve\u017ebi pomoc\u00b4u kojih postepeno gradite mi\u0161ic\u00b4e ruku, ra<\/p>","protected":false},"excerpt":{"rendered":"<p>\u0160ipka idealna za aerobik, crossfit, ili bilo koji drugi trening snage sa tegovima po va\u0161em izboru Ova specijalno dizajnirana \u0161ipka za aerobik i fitness od 130 cm, brenda Gorilla Sports, vam omoguc\u00b4ava \u0161irok spektar ve\u017ebi za snagu i funkcionalnih ve\u017ebi pomoc\u00b4u kojih postepeno gradite mi\u0161ic\u00b4e ruku, ra<\/p>","protected":false},"featured_media":15402,"comment_status":"open","ping_status":"closed","template":"","meta":[],"product_brand":[],"product_cat":[175],"product_tag":[],"class_list":{"0":"post-21627","1":"product","2":"type-product","3":"status-publish","4":"has-post-thumbnail","6":"product_cat-tegovi","8":"first","9":"instock","10":"shipping-taxable","11":"purchasable","12":"product-type-simple"},"_links":{"self":[{"href":"https:\/\/fitnesmarket.rs\/hr\/wp-json\/wp\/v2\/product\/21627","targetHints":{"allow":["GET"]}}],"collection":[{"href":"https:\/\/fitnesmarket.rs\/hr\/wp-json\/wp\/v2\/product"}],"about":[{"href":"https:\/\/fitnesmarket.rs\/hr\/wp-json\/wp\/v2\/types\/product"}],"replies":[{"embeddable":true,"href":"https:\/\/fitnesmarket.rs\/hr\/wp-json\/wp\/v2\/comments?post=21627"}],"wp:featuredmedia":[{"embeddable":true,"href":"https:\/\/fitnesmarket.rs\/hr\/wp-json\/wp\/v2\/media\/15402"}],"wp:attachment":[{"href":"https:\/\/fitnesmarket.rs\/hr\/wp-json\/wp\/v2\/media?parent=21627"}],"wp:term":[{"taxonomy":"product_brand","embeddable":true,"href":"https:\/\/fitnesmarket.rs\/hr\/wp-json\/wp\/v2\/product_brand?post=21627"},{"taxonomy":"product_cat","embeddable":true,"href":"https:\/\/fitnesmarket.rs\/hr\/wp-json\/wp\/v2\/product_cat?post=21627"},{"taxonomy":"product_tag","embeddable":true,"href":"https:\/\/fitnesmarket.rs\/hr\/wp-json\/wp\/v2\/product_tag?post=21627"}],"curies":[{"name":"wp","href":"https:\/\/api.w.org\/{rel}","templated":true}]}}