{"id":21654,"date":"2024-08-02T09:27:36","date_gmt":"2024-08-02T09:27:36","guid":{"rendered":"https:\/\/fitnesmarket.rs\/product\/gorilla-sports-opruga-za-jacanje-sake-i-podlaktice-300-lbs-13590-kg\/"},"modified":"2024-08-02T09:27:36","modified_gmt":"2024-08-02T09:27:36","slug":"gorilla-sports-opruga-za-jacanje-sake-i-podlaktice-300-lbs-13590-kg","status":"publish","type":"product","link":"https:\/\/fitnesmarket.rs\/hr\/product\/gorilla-sports-opruga-za-jacanje-sake-i-podlaktice-300-lbs-13590-kg\/","title":{"rendered":"GORILLA SPORTS Opruga za ja\u010danje \u0161ake i podlaktice (300 lbs &#8211; 135,90 kg)"},"content":{"rendered":"<p>Ja\u010danje mi\u0161i\u0107a \u0161ake i podlaktice Sprava Hand Grip predstavlja klju\u010dan rekvizit za ja\u010danje mi\u0161i\u0107a \u0161ake i podlaktice, omogu\u0107avaju\u0107i efikasno ve\u017ebanje malih, \u010desto zanemarenih mi\u0161i\u0107nih grupa. Kori\u0161\u0107enjem ove sprave, ne samo da ja\u010date mi\u0161i\u0107e koji su neophodni za pravilno izvo\u0111enje ve\u017ebi sa tegovima, ve\u0107<\/p>","protected":false},"excerpt":{"rendered":"<p>Ja\u010danje mi\u0161i\u0107a \u0161ake i podlaktice Sprava Hand Grip predstavlja klju\u010dan rekvizit za ja\u010danje mi\u0161i\u0107a \u0161ake i podlaktice, omogu\u0107avaju\u0107i efikasno ve\u017ebanje malih, \u010desto zanemarenih mi\u0161i\u0107nih grupa. Kori\u0161\u0107enjem ove sprave, ne samo da ja\u010date mi\u0161i\u0107e koji su neophodni za pravilno izvo\u0111enje ve\u017ebi sa tegovima, ve\u0107<\/p>","protected":false},"featured_media":15402,"comment_status":"open","ping_status":"closed","template":"","meta":[],"product_brand":[],"product_cat":[179],"product_tag":[],"class_list":{"0":"post-21654","1":"product","2":"type-product","3":"status-publish","4":"has-post-thumbnail","6":"product_cat-ostala_oprema_za_vezbanje","8":"first","9":"instock","10":"shipping-taxable","11":"purchasable","12":"product-type-simple"},"_links":{"self":[{"href":"https:\/\/fitnesmarket.rs\/hr\/wp-json\/wp\/v2\/product\/21654","targetHints":{"allow":["GET"]}}],"collection":[{"href":"https:\/\/fitnesmarket.rs\/hr\/wp-json\/wp\/v2\/product"}],"about":[{"href":"https:\/\/fitnesmarket.rs\/hr\/wp-json\/wp\/v2\/types\/product"}],"replies":[{"embeddable":true,"href":"https:\/\/fitnesmarket.rs\/hr\/wp-json\/wp\/v2\/comments?post=21654"}],"wp:featuredmedia":[{"embeddable":true,"href":"https:\/\/fitnesmarket.rs\/hr\/wp-json\/wp\/v2\/media\/15402"}],"wp:attachment":[{"href":"https:\/\/fitnesmarket.rs\/hr\/wp-json\/wp\/v2\/media?parent=21654"}],"wp:term":[{"taxonomy":"product_brand","embeddable":true,"href":"https:\/\/fitnesmarket.rs\/hr\/wp-json\/wp\/v2\/product_brand?post=21654"},{"taxonomy":"product_cat","embeddable":true,"href":"https:\/\/fitnesmarket.rs\/hr\/wp-json\/wp\/v2\/product_cat?post=21654"},{"taxonomy":"product_tag","embeddable":true,"href":"https:\/\/fitnesmarket.rs\/hr\/wp-json\/wp\/v2\/product_tag?post=21654"}],"curies":[{"name":"wp","href":"https:\/\/api.w.org\/{rel}","templated":true}]}}