{"id":21675,"date":"2024-08-02T09:27:37","date_gmt":"2024-08-02T09:27:37","guid":{"rendered":"https:\/\/fitnesmarket.rs\/product\/lotto-fitness-pametna-traka-za-trcanje-grande-20-km-4-0-ks\/"},"modified":"2024-08-02T09:27:37","modified_gmt":"2024-08-02T09:27:37","slug":"lotto-fitness-pametna-traka-za-trcanje-grande-20-km-4-0-ks","status":"publish","type":"product","link":"https:\/\/fitnesmarket.rs\/hr\/product\/lotto-fitness-pametna-traka-za-trcanje-grande-20-km-4-0-ks\/","title":{"rendered":"Lotto Fitness Pametna traka za tr\u010danje GRANDE 20 km \/ 4.0 KS"},"content":{"rendered":"<p>Visoke performanse i personalizovani trening: Lotto Grande Elektri\u010dna Traka za Tr\u010danje Lotto Grande elektri\u010dna traka za tr\u010danje je savr\u0161en izbor za one koji \u017eele efikasnost i udobnost ve\u017ebanja u udobnosti svog doma. Sa sna\u017enim motorom od 1.75hp (kontinuirano) i 4hp (na vrhuncu), nudi prilagodljive b<\/p>","protected":false},"excerpt":{"rendered":"<p>Visoke performanse i personalizovani trening: Lotto Grande Elektri\u010dna Traka za Tr\u010danje Lotto Grande elektri\u010dna traka za tr\u010danje je savr\u0161en izbor za one koji \u017eele efikasnost i udobnost ve\u017ebanja u udobnosti svog doma. Sa sna\u017enim motorom od 1.75hp (kontinuirano) i 4hp (na vrhuncu), nudi prilagodljive b<\/p>","protected":false},"featured_media":15402,"comment_status":"open","ping_status":"closed","template":"","meta":[],"product_brand":[],"product_cat":[174],"product_tag":[],"class_list":{"0":"post-21675","1":"product","2":"type-product","3":"status-publish","4":"has-post-thumbnail","6":"product_cat-staze_za_trcanje","8":"first","9":"instock","10":"shipping-taxable","11":"purchasable","12":"product-type-simple"},"_links":{"self":[{"href":"https:\/\/fitnesmarket.rs\/hr\/wp-json\/wp\/v2\/product\/21675","targetHints":{"allow":["GET"]}}],"collection":[{"href":"https:\/\/fitnesmarket.rs\/hr\/wp-json\/wp\/v2\/product"}],"about":[{"href":"https:\/\/fitnesmarket.rs\/hr\/wp-json\/wp\/v2\/types\/product"}],"replies":[{"embeddable":true,"href":"https:\/\/fitnesmarket.rs\/hr\/wp-json\/wp\/v2\/comments?post=21675"}],"wp:featuredmedia":[{"embeddable":true,"href":"https:\/\/fitnesmarket.rs\/hr\/wp-json\/wp\/v2\/media\/15402"}],"wp:attachment":[{"href":"https:\/\/fitnesmarket.rs\/hr\/wp-json\/wp\/v2\/media?parent=21675"}],"wp:term":[{"taxonomy":"product_brand","embeddable":true,"href":"https:\/\/fitnesmarket.rs\/hr\/wp-json\/wp\/v2\/product_brand?post=21675"},{"taxonomy":"product_cat","embeddable":true,"href":"https:\/\/fitnesmarket.rs\/hr\/wp-json\/wp\/v2\/product_cat?post=21675"},{"taxonomy":"product_tag","embeddable":true,"href":"https:\/\/fitnesmarket.rs\/hr\/wp-json\/wp\/v2\/product_tag?post=21675"}],"curies":[{"name":"wp","href":"https:\/\/api.w.org\/{rel}","templated":true}]}}