{"id":21689,"date":"2024-08-02T09:27:37","date_gmt":"2024-08-02T09:27:37","guid":{"rendered":"https:\/\/fitnesmarket.rs\/product\/set-elasticnih-guma-11-kom\/"},"modified":"2024-08-02T09:27:37","modified_gmt":"2024-08-02T09:27:37","slug":"set-elasticnih-guma-11-kom","status":"publish","type":"product","link":"https:\/\/fitnesmarket.rs\/hr\/product\/set-elasticnih-guma-11-kom\/","title":{"rendered":"Set elasti\u010dnih guma 11 kom"},"content":{"rendered":"<p>Set elasti\u010dnih guma od 11 komada: Kompletno re\u0161enje za ve\u017ebanje Ultimativni set za svestran trening Set elasti\u010dnih guma od 11 komada nudi sveobuhvatno re\u0161enje za ve\u017ebanje koje se prilago\u0111ava svim va\u0161im fitnes potrebama. Ovaj set sadr\u017ei razli\u010dite gume sa otporom, ru\u010dke, trake za gle\u017enjeve, sidro za v<\/p>","protected":false},"excerpt":{"rendered":"<p>Set elasti\u010dnih guma od 11 komada: Kompletno re\u0161enje za ve\u017ebanje Ultimativni set za svestran trening Set elasti\u010dnih guma od 11 komada nudi sveobuhvatno re\u0161enje za ve\u017ebanje koje se prilago\u0111ava svim va\u0161im fitnes potrebama. Ovaj set sadr\u017ei razli\u010dite gume sa otporom, ru\u010dke, trake za gle\u017enjeve, sidro za v<\/p>","protected":false},"featured_media":15402,"comment_status":"open","ping_status":"closed","template":"","meta":[],"product_brand":[],"product_cat":[180],"product_tag":[],"class_list":{"0":"post-21689","1":"product","2":"type-product","3":"status-publish","4":"has-post-thumbnail","6":"product_cat-gume_i_trake_za_vezbanje","8":"first","9":"instock","10":"shipping-taxable","11":"purchasable","12":"product-type-simple"},"_links":{"self":[{"href":"https:\/\/fitnesmarket.rs\/hr\/wp-json\/wp\/v2\/product\/21689","targetHints":{"allow":["GET"]}}],"collection":[{"href":"https:\/\/fitnesmarket.rs\/hr\/wp-json\/wp\/v2\/product"}],"about":[{"href":"https:\/\/fitnesmarket.rs\/hr\/wp-json\/wp\/v2\/types\/product"}],"replies":[{"embeddable":true,"href":"https:\/\/fitnesmarket.rs\/hr\/wp-json\/wp\/v2\/comments?post=21689"}],"wp:featuredmedia":[{"embeddable":true,"href":"https:\/\/fitnesmarket.rs\/hr\/wp-json\/wp\/v2\/media\/15402"}],"wp:attachment":[{"href":"https:\/\/fitnesmarket.rs\/hr\/wp-json\/wp\/v2\/media?parent=21689"}],"wp:term":[{"taxonomy":"product_brand","embeddable":true,"href":"https:\/\/fitnesmarket.rs\/hr\/wp-json\/wp\/v2\/product_brand?post=21689"},{"taxonomy":"product_cat","embeddable":true,"href":"https:\/\/fitnesmarket.rs\/hr\/wp-json\/wp\/v2\/product_cat?post=21689"},{"taxonomy":"product_tag","embeddable":true,"href":"https:\/\/fitnesmarket.rs\/hr\/wp-json\/wp\/v2\/product_tag?post=21689"}],"curies":[{"name":"wp","href":"https:\/\/api.w.org\/{rel}","templated":true}]}}