{"id":21786,"date":"2024-08-02T09:27:42","date_gmt":"2024-08-02T09:27:42","guid":{"rendered":"https:\/\/fitnesmarket.rs\/product\/iron-sport-hvatovi-za-vestacke-stene-set-od-14-komada-drzaca-rukohvata-za-vestacku-stenu\/"},"modified":"2024-08-02T09:27:42","modified_gmt":"2024-08-02T09:27:42","slug":"iron-sport-hvatovi-za-vestacke-stene-set-od-14-komada-drzaca-rukohvata-za-vestacku-stenu","status":"publish","type":"product","link":"https:\/\/fitnesmarket.rs\/hr\/product\/iron-sport-hvatovi-za-vestacke-stene-set-od-14-komada-drzaca-rukohvata-za-vestacku-stenu\/","title":{"rendered":"Iron Sport Hvatovi za ve\u0161ta\u010dke stene set od 14 komada dr\u017ea\u010da-rukohvata za ve\u0161ta\u010dku stenu"},"content":{"rendered":"<p>Osnova za dinami\u010dan penja\u010dki izazov Iron Sport hvatovi za ve\u0161ta\u010dke stene su dizajnirani da unaprede va\u0161u penja\u010dku praksu, nude\u0107i izdr\u017eljive i vi\u0161estruko prilagodljive rukohvate. Izra\u0111eni od jake industrijske plastike otporne na udarce, ovi hvatovi su kreirani da izdr\u017ee intenzivnu upotrebu, \u010dine\u0107i ih<\/p>","protected":false},"excerpt":{"rendered":"<p>Osnova za dinami\u010dan penja\u010dki izazov Iron Sport hvatovi za ve\u0161ta\u010dke stene su dizajnirani da unaprede va\u0161u penja\u010dku praksu, nude\u0107i izdr\u017eljive i vi\u0161estruko prilagodljive rukohvate. Izra\u0111eni od jake industrijske plastike otporne na udarce, ovi hvatovi su kreirani da izdr\u017ee intenzivnu upotrebu, \u010dine\u0107i ih<\/p>","protected":false},"featured_media":15402,"comment_status":"open","ping_status":"closed","template":"","meta":[],"product_brand":[],"product_cat":[179],"product_tag":[],"class_list":{"0":"post-21786","1":"product","2":"type-product","3":"status-publish","4":"has-post-thumbnail","6":"product_cat-ostala_oprema_za_vezbanje","8":"first","9":"instock","10":"shipping-taxable","11":"purchasable","12":"product-type-simple"},"_links":{"self":[{"href":"https:\/\/fitnesmarket.rs\/hr\/wp-json\/wp\/v2\/product\/21786","targetHints":{"allow":["GET"]}}],"collection":[{"href":"https:\/\/fitnesmarket.rs\/hr\/wp-json\/wp\/v2\/product"}],"about":[{"href":"https:\/\/fitnesmarket.rs\/hr\/wp-json\/wp\/v2\/types\/product"}],"replies":[{"embeddable":true,"href":"https:\/\/fitnesmarket.rs\/hr\/wp-json\/wp\/v2\/comments?post=21786"}],"wp:featuredmedia":[{"embeddable":true,"href":"https:\/\/fitnesmarket.rs\/hr\/wp-json\/wp\/v2\/media\/15402"}],"wp:attachment":[{"href":"https:\/\/fitnesmarket.rs\/hr\/wp-json\/wp\/v2\/media?parent=21786"}],"wp:term":[{"taxonomy":"product_brand","embeddable":true,"href":"https:\/\/fitnesmarket.rs\/hr\/wp-json\/wp\/v2\/product_brand?post=21786"},{"taxonomy":"product_cat","embeddable":true,"href":"https:\/\/fitnesmarket.rs\/hr\/wp-json\/wp\/v2\/product_cat?post=21786"},{"taxonomy":"product_tag","embeddable":true,"href":"https:\/\/fitnesmarket.rs\/hr\/wp-json\/wp\/v2\/product_tag?post=21786"}],"curies":[{"name":"wp","href":"https:\/\/api.w.org\/{rel}","templated":true}]}}