{"id":21819,"date":"2024-08-02T09:27:43","date_gmt":"2024-08-02T09:27:43","guid":{"rendered":"https:\/\/fitnesmarket.rs\/product\/gorilla-sports-osiguraci-za-tegove-i-sipku-30-31-mm\/"},"modified":"2024-08-02T09:27:43","modified_gmt":"2024-08-02T09:27:43","slug":"gorilla-sports-osiguraci-za-tegove-i-sipku-30-31-mm","status":"publish","type":"product","link":"https:\/\/fitnesmarket.rs\/hr\/product\/gorilla-sports-osiguraci-za-tegove-i-sipku-30-31-mm\/","title":{"rendered":"GORILLA SPORTS Osigura\u010di za tegove i \u0161ipku 30\/31 mm"},"content":{"rendered":"<p>Osigura\u010di tegova za bezbedan i siguran trening Set Gorilla Sports osigura\u010da za diskove i tegove je sve \u0161to vam je potrebno za efikasan i siguran trening prilikom podizanja tegova. Materijal visokog kvaliteta i gumena obloga spre\u010davaju da tegovi klize po \u0161ipci, tako da \u0107ete mo\u0107i da se fokusirate na p<\/p>","protected":false},"excerpt":{"rendered":"<p>Osigura\u010di tegova za bezbedan i siguran trening Set Gorilla Sports osigura\u010da za diskove i tegove je sve \u0161to vam je potrebno za efikasan i siguran trening prilikom podizanja tegova. Materijal visokog kvaliteta i gumena obloga spre\u010davaju da tegovi klize po \u0161ipci, tako da \u0107ete mo\u0107i da se fokusirate na p<\/p>","protected":false},"featured_media":15402,"comment_status":"open","ping_status":"closed","template":"","meta":[],"product_brand":[],"product_cat":[175],"product_tag":[],"class_list":{"0":"post-21819","1":"product","2":"type-product","3":"status-publish","4":"has-post-thumbnail","6":"product_cat-tegovi","8":"first","9":"instock","10":"shipping-taxable","11":"purchasable","12":"product-type-simple"},"_links":{"self":[{"href":"https:\/\/fitnesmarket.rs\/hr\/wp-json\/wp\/v2\/product\/21819","targetHints":{"allow":["GET"]}}],"collection":[{"href":"https:\/\/fitnesmarket.rs\/hr\/wp-json\/wp\/v2\/product"}],"about":[{"href":"https:\/\/fitnesmarket.rs\/hr\/wp-json\/wp\/v2\/types\/product"}],"replies":[{"embeddable":true,"href":"https:\/\/fitnesmarket.rs\/hr\/wp-json\/wp\/v2\/comments?post=21819"}],"wp:featuredmedia":[{"embeddable":true,"href":"https:\/\/fitnesmarket.rs\/hr\/wp-json\/wp\/v2\/media\/15402"}],"wp:attachment":[{"href":"https:\/\/fitnesmarket.rs\/hr\/wp-json\/wp\/v2\/media?parent=21819"}],"wp:term":[{"taxonomy":"product_brand","embeddable":true,"href":"https:\/\/fitnesmarket.rs\/hr\/wp-json\/wp\/v2\/product_brand?post=21819"},{"taxonomy":"product_cat","embeddable":true,"href":"https:\/\/fitnesmarket.rs\/hr\/wp-json\/wp\/v2\/product_cat?post=21819"},{"taxonomy":"product_tag","embeddable":true,"href":"https:\/\/fitnesmarket.rs\/hr\/wp-json\/wp\/v2\/product_tag?post=21819"}],"curies":[{"name":"wp","href":"https:\/\/api.w.org\/{rel}","templated":true}]}}