{"id":21878,"date":"2024-08-02T09:27:46","date_gmt":"2024-08-02T09:27:46","guid":{"rendered":"https:\/\/fitnesmarket.rs\/product\/togu-elasticna-traka-za-vezbanje-theragym-powerband-4\/"},"modified":"2024-08-02T09:27:46","modified_gmt":"2024-08-02T09:27:46","slug":"togu-elasticna-traka-za-vezbanje-theragym-powerband-4","status":"publish","type":"product","link":"https:\/\/fitnesmarket.rs\/hr\/product\/togu-elasticna-traka-za-vezbanje-theragym-powerband-4\/","title":{"rendered":"Togu Elasti\u010dna traka za ve\u017ebanje Theragym powerband"},"content":{"rendered":"<p>Togu theragym powerband: Revolucionarni pristup fitnesu Izgra\u0111ena za sve nivoe pripremljenosti Togu Theragym Powerband elasti\u010dna traka za ve\u017ebanje je savr\u0161en alat za pojedince svih fitnes nivoa. Bilo da ste po\u010detnik ili iskusan ve\u017eba\u010d, ova visokokvalitetna traka pru\u017ea otpor potreban za detaljno cilj<\/p>","protected":false},"excerpt":{"rendered":"<p>Togu theragym powerband: Revolucionarni pristup fitnesu Izgra\u0111ena za sve nivoe pripremljenosti Togu Theragym Powerband elasti\u010dna traka za ve\u017ebanje je savr\u0161en alat za pojedince svih fitnes nivoa. Bilo da ste po\u010detnik ili iskusan ve\u017eba\u010d, ova visokokvalitetna traka pru\u017ea otpor potreban za detaljno cilj<\/p>","protected":false},"featured_media":15402,"comment_status":"open","ping_status":"closed","template":"","meta":[],"product_brand":[],"product_cat":[180],"product_tag":[],"class_list":{"0":"post-21878","1":"product","2":"type-product","3":"status-publish","4":"has-post-thumbnail","6":"product_cat-gume_i_trake_za_vezbanje","8":"first","9":"instock","10":"shipping-taxable","11":"purchasable","12":"product-type-simple"},"_links":{"self":[{"href":"https:\/\/fitnesmarket.rs\/hr\/wp-json\/wp\/v2\/product\/21878","targetHints":{"allow":["GET"]}}],"collection":[{"href":"https:\/\/fitnesmarket.rs\/hr\/wp-json\/wp\/v2\/product"}],"about":[{"href":"https:\/\/fitnesmarket.rs\/hr\/wp-json\/wp\/v2\/types\/product"}],"replies":[{"embeddable":true,"href":"https:\/\/fitnesmarket.rs\/hr\/wp-json\/wp\/v2\/comments?post=21878"}],"wp:featuredmedia":[{"embeddable":true,"href":"https:\/\/fitnesmarket.rs\/hr\/wp-json\/wp\/v2\/media\/15402"}],"wp:attachment":[{"href":"https:\/\/fitnesmarket.rs\/hr\/wp-json\/wp\/v2\/media?parent=21878"}],"wp:term":[{"taxonomy":"product_brand","embeddable":true,"href":"https:\/\/fitnesmarket.rs\/hr\/wp-json\/wp\/v2\/product_brand?post=21878"},{"taxonomy":"product_cat","embeddable":true,"href":"https:\/\/fitnesmarket.rs\/hr\/wp-json\/wp\/v2\/product_cat?post=21878"},{"taxonomy":"product_tag","embeddable":true,"href":"https:\/\/fitnesmarket.rs\/hr\/wp-json\/wp\/v2\/product_tag?post=21878"}],"curies":[{"name":"wp","href":"https:\/\/api.w.org\/{rel}","templated":true}]}}