{"id":21939,"date":"2024-08-02T09:27:48","date_gmt":"2024-08-02T09:27:48","guid":{"rendered":"https:\/\/fitnesmarket.rs\/product\/ring-traka-za-trcanje-sa-2-motora-2-hp-120kg-rx-150\/"},"modified":"2024-08-02T09:27:48","modified_gmt":"2024-08-02T09:27:48","slug":"ring-traka-za-trcanje-sa-2-motora-2-hp-120kg-rx-150","status":"publish","type":"product","link":"https:\/\/fitnesmarket.rs\/hr\/product\/ring-traka-za-trcanje-sa-2-motora-2-hp-120kg-rx-150\/","title":{"rendered":"Ring Traka za tr\u010danje sa 2 motora 2 HP (120kg) RX 150"},"content":{"rendered":"<p>Karakteristike Izuzetno masivan multifunkcionalni kompjuter (put, brzina, vreme, kalorije, puls-meri se na rukohvatima-dlanovi) &#8211; soft touch Mesto za odlaganje fla\u0161ice i sitnica (telefon, daljinski, klju\u010devi) Poseduje veliki LCD ekran plave boje, prikaz vi\u0161e funkcija odjednom. Sve ostale funkcije se<\/p>","protected":false},"excerpt":{"rendered":"<p>Karakteristike Izuzetno masivan multifunkcionalni kompjuter (put, brzina, vreme, kalorije, puls-meri se na rukohvatima-dlanovi) &#8211; soft touch Mesto za odlaganje fla\u0161ice i sitnica (telefon, daljinski, klju\u010devi) Poseduje veliki LCD ekran plave boje, prikaz vi\u0161e funkcija odjednom. Sve ostale funkcije se<\/p>","protected":false},"featured_media":15402,"comment_status":"open","ping_status":"closed","template":"","meta":[],"product_brand":[],"product_cat":[174],"product_tag":[],"class_list":{"0":"post-21939","1":"product","2":"type-product","3":"status-publish","4":"has-post-thumbnail","6":"product_cat-staze_za_trcanje","8":"first","9":"instock","10":"shipping-taxable","11":"purchasable","12":"product-type-simple"},"_links":{"self":[{"href":"https:\/\/fitnesmarket.rs\/hr\/wp-json\/wp\/v2\/product\/21939","targetHints":{"allow":["GET"]}}],"collection":[{"href":"https:\/\/fitnesmarket.rs\/hr\/wp-json\/wp\/v2\/product"}],"about":[{"href":"https:\/\/fitnesmarket.rs\/hr\/wp-json\/wp\/v2\/types\/product"}],"replies":[{"embeddable":true,"href":"https:\/\/fitnesmarket.rs\/hr\/wp-json\/wp\/v2\/comments?post=21939"}],"wp:featuredmedia":[{"embeddable":true,"href":"https:\/\/fitnesmarket.rs\/hr\/wp-json\/wp\/v2\/media\/15402"}],"wp:attachment":[{"href":"https:\/\/fitnesmarket.rs\/hr\/wp-json\/wp\/v2\/media?parent=21939"}],"wp:term":[{"taxonomy":"product_brand","embeddable":true,"href":"https:\/\/fitnesmarket.rs\/hr\/wp-json\/wp\/v2\/product_brand?post=21939"},{"taxonomy":"product_cat","embeddable":true,"href":"https:\/\/fitnesmarket.rs\/hr\/wp-json\/wp\/v2\/product_cat?post=21939"},{"taxonomy":"product_tag","embeddable":true,"href":"https:\/\/fitnesmarket.rs\/hr\/wp-json\/wp\/v2\/product_tag?post=21939"}],"curies":[{"name":"wp","href":"https:\/\/api.w.org\/{rel}","templated":true}]}}