{"id":22019,"date":"2024-08-02T09:27:52","date_gmt":"2024-08-02T09:27:52","guid":{"rendered":"https:\/\/fitnesmarket.rs\/product\/shoppster-fitness-traka-za-trcanje-sa-2-motora-gts3-2-0hp-sa-masazerom\/"},"modified":"2024-08-02T09:27:52","modified_gmt":"2024-08-02T09:27:52","slug":"shoppster-fitness-traka-za-trcanje-sa-2-motora-gts3-2-0hp-sa-masazerom","status":"publish","type":"product","link":"https:\/\/fitnesmarket.rs\/hr\/product\/shoppster-fitness-traka-za-trcanje-sa-2-motora-gts3-2-0hp-sa-masazerom\/","title":{"rendered":"Shoppster fitness Traka za tr\u010danje sa 2 motora GTS3 2.0HP sa masa\u017eerom"},"content":{"rendered":"<p>Savr\u0161ena kombinacija tehnologije i dizajna Novi model Shoppster fitness trake za tr\u010danje donosi inovaciju u va\u0161 doma\u0107i fitnes re\u017eim zahvaljuju\u0107i svom vrhunskom i elegantnom dizajnu. Opremljena sa 2.0 HP motorom koji omogu\u0107ava pode\u0161avanje brzine do 12.8 km\/h i pode\u0161avanje nagiba do 15%, ova traka je <\/p>","protected":false},"excerpt":{"rendered":"<p>Savr\u0161ena kombinacija tehnologije i dizajna Novi model Shoppster fitness trake za tr\u010danje donosi inovaciju u va\u0161 doma\u0107i fitnes re\u017eim zahvaljuju\u0107i svom vrhunskom i elegantnom dizajnu. Opremljena sa 2.0 HP motorom koji omogu\u0107ava pode\u0161avanje brzine do 12.8 km\/h i pode\u0161avanje nagiba do 15%, ova traka je<\/p>","protected":false},"featured_media":15402,"comment_status":"open","ping_status":"closed","template":"","meta":[],"product_brand":[],"product_cat":[174],"product_tag":[],"class_list":{"0":"post-22019","1":"product","2":"type-product","3":"status-publish","4":"has-post-thumbnail","6":"product_cat-staze_za_trcanje","8":"first","9":"instock","10":"shipping-taxable","11":"purchasable","12":"product-type-simple"},"_links":{"self":[{"href":"https:\/\/fitnesmarket.rs\/hr\/wp-json\/wp\/v2\/product\/22019","targetHints":{"allow":["GET"]}}],"collection":[{"href":"https:\/\/fitnesmarket.rs\/hr\/wp-json\/wp\/v2\/product"}],"about":[{"href":"https:\/\/fitnesmarket.rs\/hr\/wp-json\/wp\/v2\/types\/product"}],"replies":[{"embeddable":true,"href":"https:\/\/fitnesmarket.rs\/hr\/wp-json\/wp\/v2\/comments?post=22019"}],"wp:featuredmedia":[{"embeddable":true,"href":"https:\/\/fitnesmarket.rs\/hr\/wp-json\/wp\/v2\/media\/15402"}],"wp:attachment":[{"href":"https:\/\/fitnesmarket.rs\/hr\/wp-json\/wp\/v2\/media?parent=22019"}],"wp:term":[{"taxonomy":"product_brand","embeddable":true,"href":"https:\/\/fitnesmarket.rs\/hr\/wp-json\/wp\/v2\/product_brand?post=22019"},{"taxonomy":"product_cat","embeddable":true,"href":"https:\/\/fitnesmarket.rs\/hr\/wp-json\/wp\/v2\/product_cat?post=22019"},{"taxonomy":"product_tag","embeddable":true,"href":"https:\/\/fitnesmarket.rs\/hr\/wp-json\/wp\/v2\/product_tag?post=22019"}],"curies":[{"name":"wp","href":"https:\/\/api.w.org\/{rel}","templated":true}]}}