{"id":22050,"date":"2024-08-02T09:27:54","date_gmt":"2024-08-02T09:27:54","guid":{"rendered":"https:\/\/fitnesmarket.rs\/product\/togu-elasticna-traka-za-vezbanje-theragym-powerband-7\/"},"modified":"2024-08-02T09:27:54","modified_gmt":"2024-08-02T09:27:54","slug":"togu-elasticna-traka-za-vezbanje-theragym-powerband-7","status":"publish","type":"product","link":"https:\/\/fitnesmarket.rs\/hr\/product\/togu-elasticna-traka-za-vezbanje-theragym-powerband-7\/","title":{"rendered":"Togu Elasti\u010dna traka za ve\u017ebanje Theragym powerband"},"content":{"rendered":"<p>Togu elasti\u010dna traka za ve\u017ebanje theragym powerband: Snaga i prilagodljivost Univerzalni alat za ja\u010danje mi\u0161i\u0107a Togu Theragym Powerband je izuzetno svestran rekvizit za ve\u017ebanje, dizajniran da vam pomogne u ja\u010danju mi\u0161i\u0107a, pobolj\u0161anju fleksibilnosti i postizanju optimalnih rezultata tokom treninga. <\/p>","protected":false},"excerpt":{"rendered":"<p>Togu elasti\u010dna traka za ve\u017ebanje theragym powerband: Snaga i prilagodljivost Univerzalni alat za ja\u010danje mi\u0161i\u0107a Togu Theragym Powerband je izuzetno svestran rekvizit za ve\u017ebanje, dizajniran da vam pomogne u ja\u010danju mi\u0161i\u0107a, pobolj\u0161anju fleksibilnosti i postizanju optimalnih rezultata tokom treninga.<\/p>","protected":false},"featured_media":15402,"comment_status":"open","ping_status":"closed","template":"","meta":[],"product_brand":[],"product_cat":[180],"product_tag":[],"class_list":{"0":"post-22050","1":"product","2":"type-product","3":"status-publish","4":"has-post-thumbnail","6":"product_cat-gume_i_trake_za_vezbanje","8":"first","9":"instock","10":"shipping-taxable","11":"purchasable","12":"product-type-simple"},"_links":{"self":[{"href":"https:\/\/fitnesmarket.rs\/hr\/wp-json\/wp\/v2\/product\/22050","targetHints":{"allow":["GET"]}}],"collection":[{"href":"https:\/\/fitnesmarket.rs\/hr\/wp-json\/wp\/v2\/product"}],"about":[{"href":"https:\/\/fitnesmarket.rs\/hr\/wp-json\/wp\/v2\/types\/product"}],"replies":[{"embeddable":true,"href":"https:\/\/fitnesmarket.rs\/hr\/wp-json\/wp\/v2\/comments?post=22050"}],"wp:featuredmedia":[{"embeddable":true,"href":"https:\/\/fitnesmarket.rs\/hr\/wp-json\/wp\/v2\/media\/15402"}],"wp:attachment":[{"href":"https:\/\/fitnesmarket.rs\/hr\/wp-json\/wp\/v2\/media?parent=22050"}],"wp:term":[{"taxonomy":"product_brand","embeddable":true,"href":"https:\/\/fitnesmarket.rs\/hr\/wp-json\/wp\/v2\/product_brand?post=22050"},{"taxonomy":"product_cat","embeddable":true,"href":"https:\/\/fitnesmarket.rs\/hr\/wp-json\/wp\/v2\/product_cat?post=22050"},{"taxonomy":"product_tag","embeddable":true,"href":"https:\/\/fitnesmarket.rs\/hr\/wp-json\/wp\/v2\/product_tag?post=22050"}],"curies":[{"name":"wp","href":"https:\/\/api.w.org\/{rel}","templated":true}]}}