{"id":22091,"date":"2024-08-02T09:27:56","date_gmt":"2024-08-02T09:27:56","guid":{"rendered":"https:\/\/fitnesmarket.rs\/product\/togu-mini-trake-flexvit-mini-band-2\/"},"modified":"2024-08-02T09:27:56","modified_gmt":"2024-08-02T09:27:56","slug":"togu-mini-trake-flexvit-mini-band-2","status":"publish","type":"product","link":"https:\/\/fitnesmarket.rs\/hr\/product\/togu-mini-trake-flexvit-mini-band-2\/","title":{"rendered":"Togu Mini trake Flexvit Mini band"},"content":{"rendered":"<p>Revolucija u d\u017eepnom formatu Togu Mini trake Flexvit Mini band predstavljaju inovativno re\u0161enje za sve koji \u017eele da unaprede svoju fitnes rutinu bez obzira na lokaciju. Ove kompaktne, ali izuzetno sna\u017ene mini trake, dizajnirane su da pru\u017ee efikasno otporno ve\u017ebanje za toniranje mi\u0161i\u0107a, pobolj\u0161anje f<\/p>","protected":false},"excerpt":{"rendered":"<p>Revolucija u d\u017eepnom formatu Togu Mini trake Flexvit Mini band predstavljaju inovativno re\u0161enje za sve koji \u017eele da unaprede svoju fitnes rutinu bez obzira na lokaciju. Ove kompaktne, ali izuzetno sna\u017ene mini trake, dizajnirane su da pru\u017ee efikasno otporno ve\u017ebanje za toniranje mi\u0161i\u0107a, pobolj\u0161anje f<\/p>","protected":false},"featured_media":15402,"comment_status":"open","ping_status":"closed","template":"","meta":[],"product_brand":[],"product_cat":[180],"product_tag":[],"class_list":{"0":"post-22091","1":"product","2":"type-product","3":"status-publish","4":"has-post-thumbnail","6":"product_cat-gume_i_trake_za_vezbanje","8":"first","9":"instock","10":"shipping-taxable","11":"purchasable","12":"product-type-simple"},"_links":{"self":[{"href":"https:\/\/fitnesmarket.rs\/hr\/wp-json\/wp\/v2\/product\/22091","targetHints":{"allow":["GET"]}}],"collection":[{"href":"https:\/\/fitnesmarket.rs\/hr\/wp-json\/wp\/v2\/product"}],"about":[{"href":"https:\/\/fitnesmarket.rs\/hr\/wp-json\/wp\/v2\/types\/product"}],"replies":[{"embeddable":true,"href":"https:\/\/fitnesmarket.rs\/hr\/wp-json\/wp\/v2\/comments?post=22091"}],"wp:featuredmedia":[{"embeddable":true,"href":"https:\/\/fitnesmarket.rs\/hr\/wp-json\/wp\/v2\/media\/15402"}],"wp:attachment":[{"href":"https:\/\/fitnesmarket.rs\/hr\/wp-json\/wp\/v2\/media?parent=22091"}],"wp:term":[{"taxonomy":"product_brand","embeddable":true,"href":"https:\/\/fitnesmarket.rs\/hr\/wp-json\/wp\/v2\/product_brand?post=22091"},{"taxonomy":"product_cat","embeddable":true,"href":"https:\/\/fitnesmarket.rs\/hr\/wp-json\/wp\/v2\/product_cat?post=22091"},{"taxonomy":"product_tag","embeddable":true,"href":"https:\/\/fitnesmarket.rs\/hr\/wp-json\/wp\/v2\/product_tag?post=22091"}],"curies":[{"name":"wp","href":"https:\/\/api.w.org\/{rel}","templated":true}]}}