{"id":22102,"date":"2024-08-02T09:27:56","date_gmt":"2024-08-02T09:27:56","guid":{"rendered":"https:\/\/fitnesmarket.rs\/product\/shoppster-fitness-sklopiva-traka-za-trcanje-tf-40029-12-km-2-hp\/"},"modified":"2024-08-02T09:27:56","modified_gmt":"2024-08-02T09:27:56","slug":"shoppster-fitness-sklopiva-traka-za-trcanje-tf-40029-12-km-2-hp","status":"publish","type":"product","link":"https:\/\/fitnesmarket.rs\/hr\/product\/shoppster-fitness-sklopiva-traka-za-trcanje-tf-40029-12-km-2-hp\/","title":{"rendered":"Shoppster fitness Sklopiva traka za tr\u010danje TF-40029 12 km\/2 HP"},"content":{"rendered":"<p>Prakti\u010dnost i efikasnost u ve\u017ebanju Shoppster Fitness sklopiva traka za tr\u010danje TF-40029 predstavlja idealno re\u0161enje za sve koji \u017eele da ostanu aktivni, a imaju ograni\u010den prostor u svom domu. Sa mogu\u0107no\u0161\u0107u sklapanja, ova traka za tr\u010danje lako se odla\u017ee, osloba\u0111aju\u0107i prostor kada se ne koristi. Visok<\/p>","protected":false},"excerpt":{"rendered":"<p>Prakti\u010dnost i efikasnost u ve\u017ebanju Shoppster Fitness sklopiva traka za tr\u010danje TF-40029 predstavlja idealno re\u0161enje za sve koji \u017eele da ostanu aktivni, a imaju ograni\u010den prostor u svom domu. Sa mogu\u0107no\u0161\u0107u sklapanja, ova traka za tr\u010danje lako se odla\u017ee, osloba\u0111aju\u0107i prostor kada se ne koristi. Visok<\/p>","protected":false},"featured_media":15402,"comment_status":"open","ping_status":"closed","template":"","meta":[],"product_brand":[],"product_cat":[174],"product_tag":[],"class_list":{"0":"post-22102","1":"product","2":"type-product","3":"status-publish","4":"has-post-thumbnail","6":"product_cat-staze_za_trcanje","8":"first","9":"instock","10":"shipping-taxable","11":"purchasable","12":"product-type-simple"},"_links":{"self":[{"href":"https:\/\/fitnesmarket.rs\/hr\/wp-json\/wp\/v2\/product\/22102","targetHints":{"allow":["GET"]}}],"collection":[{"href":"https:\/\/fitnesmarket.rs\/hr\/wp-json\/wp\/v2\/product"}],"about":[{"href":"https:\/\/fitnesmarket.rs\/hr\/wp-json\/wp\/v2\/types\/product"}],"replies":[{"embeddable":true,"href":"https:\/\/fitnesmarket.rs\/hr\/wp-json\/wp\/v2\/comments?post=22102"}],"wp:featuredmedia":[{"embeddable":true,"href":"https:\/\/fitnesmarket.rs\/hr\/wp-json\/wp\/v2\/media\/15402"}],"wp:attachment":[{"href":"https:\/\/fitnesmarket.rs\/hr\/wp-json\/wp\/v2\/media?parent=22102"}],"wp:term":[{"taxonomy":"product_brand","embeddable":true,"href":"https:\/\/fitnesmarket.rs\/hr\/wp-json\/wp\/v2\/product_brand?post=22102"},{"taxonomy":"product_cat","embeddable":true,"href":"https:\/\/fitnesmarket.rs\/hr\/wp-json\/wp\/v2\/product_cat?post=22102"},{"taxonomy":"product_tag","embeddable":true,"href":"https:\/\/fitnesmarket.rs\/hr\/wp-json\/wp\/v2\/product_tag?post=22102"}],"curies":[{"name":"wp","href":"https:\/\/api.w.org\/{rel}","templated":true}]}}