{"id":22104,"date":"2024-08-02T09:27:56","date_gmt":"2024-08-02T09:27:56","guid":{"rendered":"https:\/\/fitnesmarket.rs\/product\/rusko-zvono-podesivo-rusko-zvono-kombinacija-rz-3-tezine-koje-mozete-napraviti-8kg-11kg-14kg-17kg-20kg\/"},"modified":"2024-08-02T09:27:56","modified_gmt":"2024-08-02T09:27:56","slug":"rusko-zvono-podesivo-rusko-zvono-kombinacija-rz-3-tezine-koje-mozete-napraviti-8kg-11kg-14kg-17kg-20kg","status":"publish","type":"product","link":"https:\/\/fitnesmarket.rs\/hr\/product\/rusko-zvono-podesivo-rusko-zvono-kombinacija-rz-3-tezine-koje-mozete-napraviti-8kg-11kg-14kg-17kg-20kg\/","title":{"rendered":"Rusko Zvono\/ podesivo Rusko Zvono \/ kombinacija RZ-3 \/ Te\u017eine koje mo\u017eete napraviti 8kg ,11kg, 14kg, 17kg, 20kg"},"content":{"rendered":"<p>Inovativno re\u0161enje za va\u0161 trening Ru\u010dka za rusko zvono predstavlja revolucionarno re\u0161enje za sve koji \u017eele da unaprede svoj trening snage i izdr\u017eljivosti. Sa maksimalno pojednostavljenim dizajnom, ovaj set se sastoji od postolja predvi\u0111enog za \u010detiri diska i ergonomski dizajniranog rukohvata, omogu\u0107<\/p>","protected":false},"excerpt":{"rendered":"<p>Inovativno re\u0161enje za va\u0161 trening Ru\u010dka za rusko zvono predstavlja revolucionarno re\u0161enje za sve koji \u017eele da unaprede svoj trening snage i izdr\u017eljivosti. Sa maksimalno pojednostavljenim dizajnom, ovaj set se sastoji od postolja predvi\u0111enog za \u010detiri diska i ergonomski dizajniranog rukohvata, omogu\u0107<\/p>","protected":false},"featured_media":15402,"comment_status":"open","ping_status":"closed","template":"","meta":[],"product_brand":[],"product_cat":[179],"product_tag":[],"class_list":{"0":"post-22104","1":"product","2":"type-product","3":"status-publish","4":"has-post-thumbnail","6":"product_cat-ostala_oprema_za_vezbanje","8":"first","9":"instock","10":"shipping-taxable","11":"purchasable","12":"product-type-simple"},"_links":{"self":[{"href":"https:\/\/fitnesmarket.rs\/hr\/wp-json\/wp\/v2\/product\/22104","targetHints":{"allow":["GET"]}}],"collection":[{"href":"https:\/\/fitnesmarket.rs\/hr\/wp-json\/wp\/v2\/product"}],"about":[{"href":"https:\/\/fitnesmarket.rs\/hr\/wp-json\/wp\/v2\/types\/product"}],"replies":[{"embeddable":true,"href":"https:\/\/fitnesmarket.rs\/hr\/wp-json\/wp\/v2\/comments?post=22104"}],"wp:featuredmedia":[{"embeddable":true,"href":"https:\/\/fitnesmarket.rs\/hr\/wp-json\/wp\/v2\/media\/15402"}],"wp:attachment":[{"href":"https:\/\/fitnesmarket.rs\/hr\/wp-json\/wp\/v2\/media?parent=22104"}],"wp:term":[{"taxonomy":"product_brand","embeddable":true,"href":"https:\/\/fitnesmarket.rs\/hr\/wp-json\/wp\/v2\/product_brand?post=22104"},{"taxonomy":"product_cat","embeddable":true,"href":"https:\/\/fitnesmarket.rs\/hr\/wp-json\/wp\/v2\/product_cat?post=22104"},{"taxonomy":"product_tag","embeddable":true,"href":"https:\/\/fitnesmarket.rs\/hr\/wp-json\/wp\/v2\/product_tag?post=22104"}],"curies":[{"name":"wp","href":"https:\/\/api.w.org\/{rel}","templated":true}]}}