{"id":22148,"date":"2024-08-02T09:27:59","date_gmt":"2024-08-02T09:27:59","guid":{"rendered":"https:\/\/fitnesmarket.rs\/product\/body-sculpture-sipka-za-tegove-hl-f276-14inch\/"},"modified":"2024-08-02T09:27:59","modified_gmt":"2024-08-02T09:27:59","slug":"body-sculpture-sipka-za-tegove-hl-f276-14inch","status":"publish","type":"product","link":"https:\/\/fitnesmarket.rs\/hr\/product\/body-sculpture-sipka-za-tegove-hl-f276-14inch\/","title":{"rendered":"Body Sculpture \u0160ipka za tegove HL-F276 14inch"},"content":{"rendered":"<p>Visokokvalitetna \u0161ipka za optimalne treninge \u0160ipka za tegove 14 HL-F276 predstavlja esencijalni alat za sve ljubitelje snage i fitnesa. Dizajnirana za upotrebu sa plo\u010dastim tegovima, ova \u0161ipka\/bu\u010dica je idealna za raznovrsne ve\u017ebe koje ciljaju na razli\u010dite mi\u0161i\u0107ne grupe. Du\u017eina od 14 (36cm) i pre\u010dni<\/p>","protected":false},"excerpt":{"rendered":"<p>Visokokvalitetna \u0161ipka za optimalne treninge \u0160ipka za tegove 14 HL-F276 predstavlja esencijalni alat za sve ljubitelje snage i fitnesa. Dizajnirana za upotrebu sa plo\u010dastim tegovima, ova \u0161ipka\/bu\u010dica je idealna za raznovrsne ve\u017ebe koje ciljaju na razli\u010dite mi\u0161i\u0107ne grupe. Du\u017eina od 14 (36cm) i pre\u010dni<\/p>","protected":false},"featured_media":15402,"comment_status":"open","ping_status":"closed","template":"","meta":[],"product_brand":[],"product_cat":[175],"product_tag":[],"class_list":{"0":"post-22148","1":"product","2":"type-product","3":"status-publish","4":"has-post-thumbnail","6":"product_cat-tegovi","8":"first","9":"instock","10":"shipping-taxable","11":"purchasable","12":"product-type-simple"},"_links":{"self":[{"href":"https:\/\/fitnesmarket.rs\/hr\/wp-json\/wp\/v2\/product\/22148","targetHints":{"allow":["GET"]}}],"collection":[{"href":"https:\/\/fitnesmarket.rs\/hr\/wp-json\/wp\/v2\/product"}],"about":[{"href":"https:\/\/fitnesmarket.rs\/hr\/wp-json\/wp\/v2\/types\/product"}],"replies":[{"embeddable":true,"href":"https:\/\/fitnesmarket.rs\/hr\/wp-json\/wp\/v2\/comments?post=22148"}],"wp:featuredmedia":[{"embeddable":true,"href":"https:\/\/fitnesmarket.rs\/hr\/wp-json\/wp\/v2\/media\/15402"}],"wp:attachment":[{"href":"https:\/\/fitnesmarket.rs\/hr\/wp-json\/wp\/v2\/media?parent=22148"}],"wp:term":[{"taxonomy":"product_brand","embeddable":true,"href":"https:\/\/fitnesmarket.rs\/hr\/wp-json\/wp\/v2\/product_brand?post=22148"},{"taxonomy":"product_cat","embeddable":true,"href":"https:\/\/fitnesmarket.rs\/hr\/wp-json\/wp\/v2\/product_cat?post=22148"},{"taxonomy":"product_tag","embeddable":true,"href":"https:\/\/fitnesmarket.rs\/hr\/wp-json\/wp\/v2\/product_tag?post=22148"}],"curies":[{"name":"wp","href":"https:\/\/api.w.org\/{rel}","templated":true}]}}