{"id":22167,"date":"2024-08-02T09:28:00","date_gmt":"2024-08-02T09:28:00","guid":{"rendered":"https:\/\/fitnesmarket.rs\/product\/shoppster-fitness-traka-za-trcanje-tm2500-20-km-4-hp-sa-masazerom\/"},"modified":"2024-08-02T09:28:00","modified_gmt":"2024-08-02T09:28:00","slug":"shoppster-fitness-traka-za-trcanje-tm2500-20-km-4-hp-sa-masazerom","status":"publish","type":"product","link":"https:\/\/fitnesmarket.rs\/hr\/product\/shoppster-fitness-traka-za-trcanje-tm2500-20-km-4-hp-sa-masazerom\/","title":{"rendered":"Shoppster fitness Traka za tr\u010danje TM2500 20 km\/4 HP sa masa\u017eerom"},"content":{"rendered":"<p>Shoppster fitness poluprofesionalna traka za tr\u010danje je namenjena pre svega ozbiljnijim ve\u017eba\u010dima, sportistima kao i osobama sa prekomernom te\u017einom jer je u pitanju jako masivna traka za tr\u010danje sa poja\u010danom kostrukcijom i veoma sna\u017enim motorom. Ve\u017ebanje na ovoj traci daje utisak sli\u010dan kao da ve\u017eba<\/p>","protected":false},"excerpt":{"rendered":"<p>Shoppster fitness poluprofesionalna traka za tr\u010danje je namenjena pre svega ozbiljnijim ve\u017eba\u010dima, sportistima kao i osobama sa prekomernom te\u017einom jer je u pitanju jako masivna traka za tr\u010danje sa poja\u010danom kostrukcijom i veoma sna\u017enim motorom. Ve\u017ebanje na ovoj traci daje utisak sli\u010dan kao da ve\u017eba<\/p>","protected":false},"featured_media":15402,"comment_status":"open","ping_status":"closed","template":"","meta":[],"product_brand":[],"product_cat":[174],"product_tag":[],"class_list":{"0":"post-22167","1":"product","2":"type-product","3":"status-publish","4":"has-post-thumbnail","6":"product_cat-staze_za_trcanje","8":"first","9":"instock","10":"shipping-taxable","11":"purchasable","12":"product-type-simple"},"_links":{"self":[{"href":"https:\/\/fitnesmarket.rs\/hr\/wp-json\/wp\/v2\/product\/22167","targetHints":{"allow":["GET"]}}],"collection":[{"href":"https:\/\/fitnesmarket.rs\/hr\/wp-json\/wp\/v2\/product"}],"about":[{"href":"https:\/\/fitnesmarket.rs\/hr\/wp-json\/wp\/v2\/types\/product"}],"replies":[{"embeddable":true,"href":"https:\/\/fitnesmarket.rs\/hr\/wp-json\/wp\/v2\/comments?post=22167"}],"wp:featuredmedia":[{"embeddable":true,"href":"https:\/\/fitnesmarket.rs\/hr\/wp-json\/wp\/v2\/media\/15402"}],"wp:attachment":[{"href":"https:\/\/fitnesmarket.rs\/hr\/wp-json\/wp\/v2\/media?parent=22167"}],"wp:term":[{"taxonomy":"product_brand","embeddable":true,"href":"https:\/\/fitnesmarket.rs\/hr\/wp-json\/wp\/v2\/product_brand?post=22167"},{"taxonomy":"product_cat","embeddable":true,"href":"https:\/\/fitnesmarket.rs\/hr\/wp-json\/wp\/v2\/product_cat?post=22167"},{"taxonomy":"product_tag","embeddable":true,"href":"https:\/\/fitnesmarket.rs\/hr\/wp-json\/wp\/v2\/product_tag?post=22167"}],"curies":[{"name":"wp","href":"https:\/\/api.w.org\/{rel}","templated":true}]}}