{"id":22180,"date":"2024-08-02T09:28:01","date_gmt":"2024-08-02T09:28:01","guid":{"rendered":"https:\/\/fitnesmarket.rs\/product\/togu-mini-trake-flexvit-mini-band-3\/"},"modified":"2024-08-02T09:28:01","modified_gmt":"2024-08-02T09:28:01","slug":"togu-mini-trake-flexvit-mini-band-3","status":"publish","type":"product","link":"https:\/\/fitnesmarket.rs\/hr\/product\/togu-mini-trake-flexvit-mini-band-3\/","title":{"rendered":"Togu Mini trake Flexvit Mini band"},"content":{"rendered":"<p>Togu mini trake: Flexvit mini band Pobolj\u0161ajte efikasnost va\u0161eg ve\u017ebanja uz Togu Flexvit Mini Band trake. Prilagodljivost nivoa otpora Flexvit Mini Band trake dolaze u razli\u010ditim nivoima otpora, omogu\u0107avaju\u0107i vam da personalizujete intenzitet va\u0161eg treninga prema va\u0161im potrebama i ciljevima. Unapre\u0111<\/p>","protected":false},"excerpt":{"rendered":"<p>Togu mini trake: Flexvit mini band Pobolj\u0161ajte efikasnost va\u0161eg ve\u017ebanja uz Togu Flexvit Mini Band trake. Prilagodljivost nivoa otpora Flexvit Mini Band trake dolaze u razli\u010ditim nivoima otpora, omogu\u0107avaju\u0107i vam da personalizujete intenzitet va\u0161eg treninga prema va\u0161im potrebama i ciljevima. Unapre\u0111<\/p>","protected":false},"featured_media":15402,"comment_status":"open","ping_status":"closed","template":"","meta":[],"product_brand":[],"product_cat":[180],"product_tag":[],"class_list":{"0":"post-22180","1":"product","2":"type-product","3":"status-publish","4":"has-post-thumbnail","6":"product_cat-gume_i_trake_za_vezbanje","8":"first","9":"instock","10":"shipping-taxable","11":"purchasable","12":"product-type-simple"},"_links":{"self":[{"href":"https:\/\/fitnesmarket.rs\/hr\/wp-json\/wp\/v2\/product\/22180","targetHints":{"allow":["GET"]}}],"collection":[{"href":"https:\/\/fitnesmarket.rs\/hr\/wp-json\/wp\/v2\/product"}],"about":[{"href":"https:\/\/fitnesmarket.rs\/hr\/wp-json\/wp\/v2\/types\/product"}],"replies":[{"embeddable":true,"href":"https:\/\/fitnesmarket.rs\/hr\/wp-json\/wp\/v2\/comments?post=22180"}],"wp:featuredmedia":[{"embeddable":true,"href":"https:\/\/fitnesmarket.rs\/hr\/wp-json\/wp\/v2\/media\/15402"}],"wp:attachment":[{"href":"https:\/\/fitnesmarket.rs\/hr\/wp-json\/wp\/v2\/media?parent=22180"}],"wp:term":[{"taxonomy":"product_brand","embeddable":true,"href":"https:\/\/fitnesmarket.rs\/hr\/wp-json\/wp\/v2\/product_brand?post=22180"},{"taxonomy":"product_cat","embeddable":true,"href":"https:\/\/fitnesmarket.rs\/hr\/wp-json\/wp\/v2\/product_cat?post=22180"},{"taxonomy":"product_tag","embeddable":true,"href":"https:\/\/fitnesmarket.rs\/hr\/wp-json\/wp\/v2\/product_tag?post=22180"}],"curies":[{"name":"wp","href":"https:\/\/api.w.org\/{rel}","templated":true}]}}