{"id":22190,"date":"2024-08-02T09:28:02","date_gmt":"2024-08-02T09:28:02","guid":{"rendered":"https:\/\/fitnesmarket.rs\/product\/shoppster-fitness-sklopiva-traka-za-trcanje-12-km-2-hp-yesoul-trenazer-wt50\/"},"modified":"2024-08-02T09:28:02","modified_gmt":"2024-08-02T09:28:02","slug":"shoppster-fitness-sklopiva-traka-za-trcanje-12-km-2-hp-yesoul-trenazer-wt50","status":"publish","type":"product","link":"https:\/\/fitnesmarket.rs\/hr\/product\/shoppster-fitness-sklopiva-traka-za-trcanje-12-km-2-hp-yesoul-trenazer-wt50\/","title":{"rendered":"Shoppster fitness Sklopiva traka za tr\u010danje 12 km\/2 HP + Yesoul Trena\u017eer WT50"},"content":{"rendered":"<p>Shoppster fitness Sklopiva traka za tr\u010danje TF-40029 12 km\/2 HP Prakti\u010dnost i efikasnost u ve\u017ebanju Shoppster Fitness sklopiva traka za tr\u010danje TF-40029 predstavlja idealno re\u0161enje za sve koji \u017eele da ostanu aktivni, a imaju ograni\u010den prostor u svom domu. Sa mogu\u0107no\u0161\u0107u sklapanja, ova traka za tr\u010danj<\/p>","protected":false},"excerpt":{"rendered":"<p>Shoppster fitness Sklopiva traka za tr\u010danje TF-40029 12 km\/2 HP Prakti\u010dnost i efikasnost u ve\u017ebanju Shoppster Fitness sklopiva traka za tr\u010danje TF-40029 predstavlja idealno re\u0161enje za sve koji \u017eele da ostanu aktivni, a imaju ograni\u010den prostor u svom domu. Sa mogu\u0107no\u0161\u0107u sklapanja, ova traka za tr\u010danj<\/p>","protected":false},"featured_media":15402,"comment_status":"open","ping_status":"closed","template":"","meta":[],"product_brand":[],"product_cat":[174],"product_tag":[],"class_list":{"0":"post-22190","1":"product","2":"type-product","3":"status-publish","4":"has-post-thumbnail","6":"product_cat-staze_za_trcanje","8":"first","9":"instock","10":"shipping-taxable","11":"purchasable","12":"product-type-simple"},"_links":{"self":[{"href":"https:\/\/fitnesmarket.rs\/hr\/wp-json\/wp\/v2\/product\/22190","targetHints":{"allow":["GET"]}}],"collection":[{"href":"https:\/\/fitnesmarket.rs\/hr\/wp-json\/wp\/v2\/product"}],"about":[{"href":"https:\/\/fitnesmarket.rs\/hr\/wp-json\/wp\/v2\/types\/product"}],"replies":[{"embeddable":true,"href":"https:\/\/fitnesmarket.rs\/hr\/wp-json\/wp\/v2\/comments?post=22190"}],"wp:featuredmedia":[{"embeddable":true,"href":"https:\/\/fitnesmarket.rs\/hr\/wp-json\/wp\/v2\/media\/15402"}],"wp:attachment":[{"href":"https:\/\/fitnesmarket.rs\/hr\/wp-json\/wp\/v2\/media?parent=22190"}],"wp:term":[{"taxonomy":"product_brand","embeddable":true,"href":"https:\/\/fitnesmarket.rs\/hr\/wp-json\/wp\/v2\/product_brand?post=22190"},{"taxonomy":"product_cat","embeddable":true,"href":"https:\/\/fitnesmarket.rs\/hr\/wp-json\/wp\/v2\/product_cat?post=22190"},{"taxonomy":"product_tag","embeddable":true,"href":"https:\/\/fitnesmarket.rs\/hr\/wp-json\/wp\/v2\/product_tag?post=22190"}],"curies":[{"name":"wp","href":"https:\/\/api.w.org\/{rel}","templated":true}]}}